{"id":1145,"date":"2024-04-26T14:30:06","date_gmt":"2024-04-26T18:30:06","guid":{"rendered":"https:\/\/www.hotelouigo.com\/a-propos\/"},"modified":"2025-02-11T09:35:47","modified_gmt":"2025-02-11T14:35:47","slug":"about","status":"publish","type":"page","link":"https:\/\/www.hotelouigo.com\/en\/about\/","title":{"rendered":"About"},"content":{"rendered":"<section class=\"l-section wpb_row hero-section height_medium color_alternate with_img\"><div class=\"l-section-img\" role=\"img\" aria-label=\"Photo ext\u00e9rieure de l&#039;h\u00f4tel OuiGo\" data-img-width=\"1360\" data-img-height=\"801\" style=\"background-image: url(https:\/\/www.hotelouigo.com\/dist\/uploads\/2024\/04\/JG210926-22_r.png);background-repeat: no-repeat;\"><\/div><div class=\"l-section-overlay\" style=\"background:var(--color-alt-content-faded)\"><\/div><div class=\"l-section-h i-cf\"><div class=\"g-cols vc_row via_grid cols_1 laptops-cols_inherit tablets-cols_inherit mobiles-cols_1 valign_middle type_default stacking_default\"><div class=\"wpb_column vc_column_container\"><div class=\"vc_column-inner\"><div class=\"wpb_text_column us_custom_4c822b39 us_animate_this\"><div class=\"wpb_wrapper\"><h1 style=\"text-align: center;\">About<\/h1>\n<\/div><\/div><\/div><\/div><\/div><\/div><\/section><section class=\"l-section wpb_row row-img-text-img height_medium\"><div class=\"l-section-h i-cf\"><div class=\"g-cols vc_row via_grid cols_1-2-1 laptops-cols_inherit tablets-cols_inherit mobiles-cols_1 valign_middle type_default stacking_default\"><div class=\"wpb_column vc_column_container\"><div class=\"vc_column-inner\"><div class=\"w-image us_custom_f70d789f us_animate_this has_ratio align_none\"><div class=\"w-image-h\"><div style=\"padding-bottom:177.7778%\"><\/div><img decoding=\"async\" width=\"1024\" height=\"682\" src=\"https:\/\/www.hotelouigo.com\/dist\/uploads\/2024\/04\/267659326_6503684976370840_7615814863414588574_n_r-1024x682.png\" class=\"attachment-large size-large\" alt=\"\" loading=\"lazy\" \/><\/div><\/div><\/div><\/div><div class=\"wpb_column vc_column_container texte\"><div class=\"vc_column-inner\"><div class=\"wpb_text_column us_custom_492179a4\"><div class=\"wpb_wrapper\"><h2 style=\"text-align: center;\">More than a<br \/>\nsimple hotel<\/h2>\n<\/div><\/div><div class=\"w-separator size_large\"><\/div><div class=\"wpb_text_column\"><div class=\"wpb_wrapper\"><p style=\"text-align: center;\">H\u00f4tel Oui Go! is a boutique hotel with 28 rooms and and is equipped with two meeting rooms to accommodate business clients. It is housed in a building which is recognized historically because it is characterized by a particular early 20th-century architecture, dating from the beginning of the century and it is full of history.<\/p>\n<p style=\"text-align: center;\">Clients who stay at the Hotel Oui GO! will be invited to an experience in accommodation that combines the authenticity of the past with modern chic. We give each client an attentive and personalized service offered in a relaxed atmosphere. We focus on the design and comfort sought by the savvy consumers. The hotel is in the heart of downtown Trois-Rivi\u00e8res, the 2e oldest French city in North America, and is close to restaurants, bars, terraces, museums, festivals and Harbour Park.<\/p>\n<p style=\"text-align: center;\">H\u00f4tel Oui Go! is the place where you want to be and where you want to be seen!<\/p>\n<\/div><\/div><\/div><\/div><div class=\"wpb_column vc_column_container\"><div class=\"vc_column-inner\"><div class=\"w-image us_custom_40fbbc94 img-droite us_animate_this has_ratio align_none\"><div class=\"w-image-h\"><div style=\"padding-bottom:177.7778%\"><\/div><img decoding=\"async\" width=\"878\" height=\"1024\" src=\"https:\/\/www.hotelouigo.com\/dist\/uploads\/2024\/04\/146129398_4924357587636928_6463980638305915717_n_r-878x1024.png\" class=\"attachment-large size-large\" alt=\"\" loading=\"lazy\" \/><\/div><\/div><\/div><\/div><\/div><\/div><\/section><section class=\"l-section wpb_row row-restaurants left-text-right-img-row height_medium\"><div class=\"l-section-h i-cf\"><div class=\"g-cols vc_row via_grid cols_1 laptops-cols_inherit tablets-cols_inherit mobiles-cols_1 valign_middle type_default stacking_default\"><div class=\"wpb_column vc_column_container column-restaurants__texte\"><div class=\"vc_column-inner\"><div class=\"wpb_text_column us_custom_c95a9342 style-h3\"><div class=\"wpb_wrapper\"><p style=\"text-align: center;\">Discover our unique<br \/>\nservices on site<\/p>\n<\/div><\/div><\/div><\/div><\/div><\/div><\/section><section class=\"l-section wpb_row us_custom_278d8c57 row-img-text height_medium\"><div class=\"l-section-h i-cf\"><div class=\"g-cols vc_row via_grid cols_2 laptops-cols_inherit tablets-cols_inherit mobiles-cols_1 valign_middle type_default stacking_default\"><div class=\"wpb_column vc_column_container\"><div class=\"vc_column-inner\"><div class=\"w-image us_custom_60e9caca us_animate_this has_ratio align_none\"><div class=\"w-image-h\"><div style=\"padding-bottom:75%\"><\/div><img decoding=\"async\" width=\"1024\" height=\"683\" src=\"https:\/\/www.hotelouigo.com\/dist\/uploads\/2025\/01\/B2_9626-1024x683.png\" class=\"attachment-large size-large\" alt=\"D\u00e9jeuner Le Bistroquet\" loading=\"lazy\" \/><\/div><\/div><\/div><\/div><div class=\"wpb_column vc_column_container row-img-text__texte\"><div class=\"vc_column-inner\"><div class=\"wpb_text_column us_custom_492179a4\"><div class=\"wpb_wrapper\"><h2>Le Bistroquet<\/h2>\n<\/div><\/div><div class=\"w-separator size_large\"><\/div><div class=\"wpb_text_column us_custom_492179a4\"><div class=\"wpb_wrapper\"><p>RESTAURANT FOR LUNCH AND DINNER, LE BISTROQUET FOCUSES ON A SELECTION OF HOUSE-MADE WAFFLES AND COMPLETE BREAKFASTS WITH AN INTERESTING MIX OF SWEET AND SAVORY ITEMS ON ITS MENU.<\/p>\n<\/div><\/div><div class=\"w-separator size_large\"><\/div><div class=\"wpb_text_column\"><div class=\"wpb_wrapper\"><p>We invite you to a unique tasting experience with the choices available on our lunch and dinner menu located in the hotel lounge.<\/p>\n<p>Enjoy an exclusive package with the H\u00f4tel Oui Go during your next stay! Open 5 days a week, from Wednesday to Sunday. Breakfasts are available on weekdays and weekends from 7:00 AM to 1:00 PM. The schedule may vary on holidays.<\/p>\n<\/div><\/div><div class=\"w-separator size_large\"><\/div><div class=\"w-btn-wrapper align_none\"><a class=\"w-btn us-btn-style_2 us_custom_492179a4\" target=\"_blank\" href=\"https:\/\/www.hotelouigo.com\/en\/packages-promotions\/breakfast-package\/\"><span class=\"w-btn-label\">View the offer<\/span><\/a><\/div><\/div><\/div><\/div><\/div><\/section><section class=\"l-section wpb_row row-text-img height_medium\"><div class=\"l-section-h i-cf\"><div class=\"g-cols vc_row via_grid cols_2 laptops-cols_inherit tablets-cols_inherit mobiles-cols_1 valign_middle type_default stacking_default\"><div class=\"wpb_column vc_column_container row-text-img__texte\"><div class=\"vc_column-inner\"><div class=\"wpb_text_column us_custom_492179a4\"><div class=\"wpb_wrapper\"><h2>LE BRUN EN VILLE &#8211; GENERAL STORE<\/h2>\n<\/div><\/div><div class=\"w-separator size_large\"><\/div><div class=\"wpb_text_column\"><div class=\"wpb_wrapper\"><p>The general store &#8220;Le Brun en ville&#8221; takes you back in time to the post-war era, the time of the Great Depression. Relive the warm welcome of the shops of the past, filled with nostalgia and memories. Besides the hundreds of artifacts, you will surely find a souvenir that will remind you of your childhood.<\/p>\n<p>You will find, among other things, traditional country soap, childhood candies (honeymoon candies, pink popcorn, black balls, soap-flavored gum\u2026), toys just like you remember, local and artisanal products, and gifts for all occasions.<\/p>\n<p>Since we want your stay at the H\u00f4tel Oui GO to be memorable, we have thought of you.<\/p>\n<p>We always have in store\u2026 board games, comic books, body care products, pharmaceutical products, sweets, souvenirs, umbrellas, caps\u2026<\/p>\n<\/div><\/div><\/div><\/div><div class=\"wpb_column vc_column_container\"><div class=\"vc_column-inner\"><div class=\"w-image us_custom_60e9caca img-restaurant us_animate_this has_ratio align_none\"><div class=\"w-image-h\"><div style=\"padding-bottom:75%\"><\/div><img decoding=\"async\" width=\"1024\" height=\"683\" src=\"https:\/\/www.hotelouigo.com\/dist\/uploads\/2024\/04\/364014944_1004612430955690_4067474079592961249_n_r-1024x683.png\" class=\"attachment-large size-large\" alt=\"\" loading=\"lazy\" \/><\/div><\/div><\/div><\/div><\/div><\/div><\/section><section class=\"l-section wpb_row double-padding-section height_medium color_alternate\"><div class=\"l-section-h i-cf\"><div class=\"g-cols vc_row via_grid cols_1 laptops-cols_inherit tablets-cols_inherit mobiles-cols_1 valign_top type_default stacking_default\"><div class=\"wpb_column vc_column_container us_custom_eb849559\"><div class=\"vc_column-inner\"><div class=\"wpb_text_column us_custom_492179a4\"><div class=\"wpb_wrapper\"><h2 style=\"text-align: center;\">WE TELL YOU<br \/>\nTHE STORY<\/h2>\n<\/div><\/div><div class=\"w-separator size_large\"><\/div><div class=\"wpb_text_column us_custom_ed6bdf6a\"><div class=\"wpb_wrapper\"><p>Come and discover the rich history of the building occupied since 1864 by the German Balcer family, a family of furriers operating in the fur industry. Following the Trois-Rivi\u00e8res fire in 1908, the building was rebuilt and transformed to become the national bank in 1910 and later the provincial bank of Canada. In another part of the building is added the Molson bank which will become the bank of Montreal. Banks occupied the premises until the 1970s.<\/p>\n<p>Come and travel through time thanks to our historical showcase as well as several other places installed in the hotel to discover this amazing past!<\/p>\n<\/div><\/div><div class=\"w-separator size_large\"><\/div><div class=\"w-btn-wrapper align_none\"><a class=\"w-btn us-btn-style_1\" href=\"https:\/\/www.hotelouigo.com\/en\/heritage-building\/\"><span class=\"w-btn-label\">Learn more<\/span><\/a><\/div><\/div><\/div><\/div><\/div><\/section>\n","protected":false},"excerpt":{"rendered":"About More than a simple hotel H\u00f4tel Oui Go! is a boutique hotel with 28 rooms and and is equipped with two meeting rooms to accommodate business clients. It is housed in a building which is recognized historically because it is characterized by a particular early 20th-century architecture, dating from the beginning of the century...","protected":false},"author":1,"featured_media":0,"parent":0,"menu_order":0,"comment_status":"closed","ping_status":"closed","template":"","meta":{"_acf_changed":false,"footnotes":""},"class_list":["post-1145","page","type-page","status-publish","hentry"],"acf":[],"yoast_head":"<!-- This site is optimized with the Yoast SEO plugin v27.4 - https:\/\/yoast.com\/product\/yoast-seo-wordpress\/ -->\n<title>About | H\u00f4tel Oui GO! URBAIN. CHIC. D\u00c9CONTRACT\u00c9.<\/title>\n<meta name=\"description\" content=\"About | H\u00f4tel Oui GO! is a boutique hotel with 28 rooms and and is equipped with two meeting rooms to accommodate business clients.\" \/>\n<meta name=\"robots\" content=\"index, follow, max-snippet:-1, max-image-preview:large, max-video-preview:-1\" \/>\n<link rel=\"canonical\" href=\"https:\/\/www.hotelouigo.com\/en\/about\/\" \/>\n<meta property=\"og:locale\" content=\"en_US\" \/>\n<meta property=\"og:type\" content=\"article\" \/>\n<meta property=\"og:title\" content=\"About | H\u00f4tel Oui GO! URBAIN. CHIC. D\u00c9CONTRACT\u00c9.\" \/>\n<meta property=\"og:description\" content=\"About | H\u00f4tel Oui GO! is a boutique hotel with 28 rooms and and is equipped with two meeting rooms to accommodate business clients.\" \/>\n<meta property=\"og:url\" content=\"https:\/\/www.hotelouigo.com\/en\/about\/\" \/>\n<meta property=\"og:site_name\" content=\"H\u00f4tel Oui GO!\" \/>\n<meta property=\"article:publisher\" content=\"https:\/\/www.facebook.com\/hotelouigo\" \/>\n<meta property=\"article:modified_time\" content=\"2025-02-11T14:35:47+00:00\" \/>\n<meta name=\"twitter:card\" content=\"summary_large_image\" \/>\n<meta name=\"twitter:label1\" content=\"Est. reading time\" \/>\n\t<meta name=\"twitter:data1\" content=\"4 minutes\" \/>\n<script type=\"application\/ld+json\" class=\"yoast-schema-graph\">{\"@context\":\"https:\\\/\\\/schema.org\",\"@graph\":[{\"@type\":[\"WebPage\",\"AboutPage\"],\"@id\":\"https:\\\/\\\/www.hotelouigo.com\\\/en\\\/about\\\/\",\"url\":\"https:\\\/\\\/www.hotelouigo.com\\\/en\\\/about\\\/\",\"name\":\"About | H\u00f4tel Oui GO! URBAIN. CHIC. D\u00c9CONTRACT\u00c9.\",\"isPartOf\":{\"@id\":\"https:\\\/\\\/www.hotelouigo.com\\\/en\\\/#website\"},\"datePublished\":\"2024-04-26T18:30:06+00:00\",\"dateModified\":\"2025-02-11T14:35:47+00:00\",\"description\":\"About | H\u00f4tel Oui GO! is a boutique hotel with 28 rooms and and is equipped with two meeting rooms to accommodate business clients.\",\"breadcrumb\":{\"@id\":\"https:\\\/\\\/www.hotelouigo.com\\\/en\\\/about\\\/#breadcrumb\"},\"inLanguage\":\"en-US\",\"potentialAction\":[{\"@type\":\"ReadAction\",\"target\":[\"https:\\\/\\\/www.hotelouigo.com\\\/en\\\/about\\\/\"]}]},{\"@type\":\"BreadcrumbList\",\"@id\":\"https:\\\/\\\/www.hotelouigo.com\\\/en\\\/about\\\/#breadcrumb\",\"itemListElement\":[{\"@type\":\"ListItem\",\"position\":1,\"name\":\"Accueil\",\"item\":\"https:\\\/\\\/www.hotelouigo.com\\\/en\\\/\"},{\"@type\":\"ListItem\",\"position\":2,\"name\":\"About\"}]},{\"@type\":\"WebSite\",\"@id\":\"https:\\\/\\\/www.hotelouigo.com\\\/en\\\/#website\",\"url\":\"https:\\\/\\\/www.hotelouigo.com\\\/en\\\/\",\"name\":\"H\u00f4tel Oui GO!\",\"description\":\"URBAIN. CHIC. D\u00c9CONTRACT\u00c9.\",\"publisher\":{\"@id\":\"https:\\\/\\\/www.hotelouigo.com\\\/en\\\/#organization\"},\"alternateName\":\"H\u00f4tel Oui GO!\",\"potentialAction\":[{\"@type\":\"SearchAction\",\"target\":{\"@type\":\"EntryPoint\",\"urlTemplate\":\"https:\\\/\\\/www.hotelouigo.com\\\/en\\\/?s={search_term_string}\"},\"query-input\":{\"@type\":\"PropertyValueSpecification\",\"valueRequired\":true,\"valueName\":\"search_term_string\"}}],\"inLanguage\":\"en-US\"},{\"@type\":\"Organization\",\"@id\":\"https:\\\/\\\/www.hotelouigo.com\\\/en\\\/#organization\",\"name\":\"H\u00f4tel Oui GO!\",\"url\":\"https:\\\/\\\/www.hotelouigo.com\\\/en\\\/\",\"logo\":{\"@type\":\"ImageObject\",\"inLanguage\":\"en-US\",\"@id\":\"https:\\\/\\\/www.hotelouigo.com\\\/en\\\/#\\\/schema\\\/logo\\\/image\\\/\",\"url\":\"https:\\\/\\\/www.hotelouigo.com\\\/wp-content\\\/uploads\\\/2024\\\/04\\\/OuiGo_logo_Noirgris-4_1603220426.png\",\"contentUrl\":\"https:\\\/\\\/www.hotelouigo.com\\\/wp-content\\\/uploads\\\/2024\\\/04\\\/OuiGo_logo_Noirgris-4_1603220426.png\",\"width\":1335,\"height\":1451,\"caption\":\"H\u00f4tel Oui GO!\"},\"image\":{\"@id\":\"https:\\\/\\\/www.hotelouigo.com\\\/en\\\/#\\\/schema\\\/logo\\\/image\\\/\"},\"sameAs\":[\"https:\\\/\\\/www.facebook.com\\\/hotelouigo\",\"https:\\\/\\\/www.instagram.com\\\/hotelouigo\\\/\",\"https:\\\/\\\/www.youtube.com\\\/@hotelouigo4898\"]}]}<\/script>\n<!-- \/ Yoast SEO plugin. -->","yoast_head_json":{"title":"About | H\u00f4tel Oui GO! URBAIN. CHIC. D\u00c9CONTRACT\u00c9.","description":"About | H\u00f4tel Oui GO! is a boutique hotel with 28 rooms and and is equipped with two meeting rooms to accommodate business clients.","robots":{"index":"index","follow":"follow","max-snippet":"max-snippet:-1","max-image-preview":"max-image-preview:large","max-video-preview":"max-video-preview:-1"},"canonical":"https:\/\/www.hotelouigo.com\/en\/about\/","og_locale":"en_US","og_type":"article","og_title":"About | H\u00f4tel Oui GO! URBAIN. CHIC. D\u00c9CONTRACT\u00c9.","og_description":"About | H\u00f4tel Oui GO! is a boutique hotel with 28 rooms and and is equipped with two meeting rooms to accommodate business clients.","og_url":"https:\/\/www.hotelouigo.com\/en\/about\/","og_site_name":"H\u00f4tel Oui GO!","article_publisher":"https:\/\/www.facebook.com\/hotelouigo","article_modified_time":"2025-02-11T14:35:47+00:00","twitter_card":"summary_large_image","twitter_misc":{"Est. reading time":"4 minutes"},"schema":{"@context":"https:\/\/schema.org","@graph":[{"@type":["WebPage","AboutPage"],"@id":"https:\/\/www.hotelouigo.com\/en\/about\/","url":"https:\/\/www.hotelouigo.com\/en\/about\/","name":"About | H\u00f4tel Oui GO! URBAIN. CHIC. D\u00c9CONTRACT\u00c9.","isPartOf":{"@id":"https:\/\/www.hotelouigo.com\/en\/#website"},"datePublished":"2024-04-26T18:30:06+00:00","dateModified":"2025-02-11T14:35:47+00:00","description":"About | H\u00f4tel Oui GO! is a boutique hotel with 28 rooms and and is equipped with two meeting rooms to accommodate business clients.","breadcrumb":{"@id":"https:\/\/www.hotelouigo.com\/en\/about\/#breadcrumb"},"inLanguage":"en-US","potentialAction":[{"@type":"ReadAction","target":["https:\/\/www.hotelouigo.com\/en\/about\/"]}]},{"@type":"BreadcrumbList","@id":"https:\/\/www.hotelouigo.com\/en\/about\/#breadcrumb","itemListElement":[{"@type":"ListItem","position":1,"name":"Accueil","item":"https:\/\/www.hotelouigo.com\/en\/"},{"@type":"ListItem","position":2,"name":"About"}]},{"@type":"WebSite","@id":"https:\/\/www.hotelouigo.com\/en\/#website","url":"https:\/\/www.hotelouigo.com\/en\/","name":"H\u00f4tel Oui GO!","description":"URBAIN. CHIC. D\u00c9CONTRACT\u00c9.","publisher":{"@id":"https:\/\/www.hotelouigo.com\/en\/#organization"},"alternateName":"H\u00f4tel Oui GO!","potentialAction":[{"@type":"SearchAction","target":{"@type":"EntryPoint","urlTemplate":"https:\/\/www.hotelouigo.com\/en\/?s={search_term_string}"},"query-input":{"@type":"PropertyValueSpecification","valueRequired":true,"valueName":"search_term_string"}}],"inLanguage":"en-US"},{"@type":"Organization","@id":"https:\/\/www.hotelouigo.com\/en\/#organization","name":"H\u00f4tel Oui GO!","url":"https:\/\/www.hotelouigo.com\/en\/","logo":{"@type":"ImageObject","inLanguage":"en-US","@id":"https:\/\/www.hotelouigo.com\/en\/#\/schema\/logo\/image\/","url":"https:\/\/www.hotelouigo.com\/dist\/uploads\/2024\/04\/OuiGo_logo_Noirgris-4_1603220426.png","contentUrl":"https:\/\/www.hotelouigo.com\/dist\/uploads\/2024\/04\/OuiGo_logo_Noirgris-4_1603220426.png","width":1335,"height":1451,"caption":"H\u00f4tel Oui GO!"},"image":{"@id":"https:\/\/www.hotelouigo.com\/en\/#\/schema\/logo\/image\/"},"sameAs":["https:\/\/www.facebook.com\/hotelouigo","https:\/\/www.instagram.com\/hotelouigo\/","https:\/\/www.youtube.com\/@hotelouigo4898"]}]}},"publishpress_future_workflow_manual_trigger":{"enabledWorkflows":[]},"_links":{"self":[{"href":"https:\/\/www.hotelouigo.com\/en\/wp-json\/wp\/v2\/pages\/1145","targetHints":{"allow":["GET"]}}],"collection":[{"href":"https:\/\/www.hotelouigo.com\/en\/wp-json\/wp\/v2\/pages"}],"about":[{"href":"https:\/\/www.hotelouigo.com\/en\/wp-json\/wp\/v2\/types\/page"}],"author":[{"embeddable":true,"href":"https:\/\/www.hotelouigo.com\/en\/wp-json\/wp\/v2\/users\/1"}],"replies":[{"embeddable":true,"href":"https:\/\/www.hotelouigo.com\/en\/wp-json\/wp\/v2\/comments?post=1145"}],"version-history":[{"count":0,"href":"https:\/\/www.hotelouigo.com\/en\/wp-json\/wp\/v2\/pages\/1145\/revisions"}],"wp:attachment":[{"href":"https:\/\/www.hotelouigo.com\/en\/wp-json\/wp\/v2\/media?parent=1145"}],"curies":[{"name":"wp","href":"https:\/\/api.w.org\/{rel}","templated":true}]}}