{"id":1148,"date":"2024-04-26T14:31:49","date_gmt":"2024-04-26T18:31:49","guid":{"rendered":"https:\/\/www.hotelouigo.com\/batiment-patrimonial\/"},"modified":"2024-05-30T16:34:15","modified_gmt":"2024-05-30T20:34:15","slug":"heritage-building","status":"publish","type":"page","link":"https:\/\/www.hotelouigo.com\/en\/heritage-building\/","title":{"rendered":"Heritage building"},"content":{"rendered":"<section class=\"l-section wpb_row hero-section height_medium color_alternate with_img\"><div class=\"l-section-img\" role=\"img\" aria-label=\"Photo archive de l&#039;\u00e9difice de l&#039;h\u00f4tel OuiGo\" data-img-width=\"970\" data-img-height=\"580\" style=\"background-image: url(https:\/\/www.hotelouigo.com\/dist\/uploads\/2024\/04\/img_5210.jpg);background-repeat: no-repeat;\"><\/div><div class=\"l-section-overlay\" style=\"background:var(--color-alt-content-faded)\"><\/div><div class=\"l-section-h i-cf\"><div class=\"g-cols vc_row via_grid cols_1 laptops-cols_inherit tablets-cols_inherit mobiles-cols_1 valign_middle type_default stacking_default\"><div class=\"wpb_column vc_column_container\"><div class=\"vc_column-inner\"><div class=\"wpb_text_column us_custom_4c822b39 us_animate_this\"><div class=\"wpb_wrapper\"><h1 style=\"text-align: center;\">Heritage building<\/h1>\n<\/div><\/div><\/div><\/div><\/div><\/div><\/section><section class=\"l-section wpb_row row-img-text row-valeur-patrimoniale height_medium color_alternate\"><div class=\"l-section-h i-cf\"><div class=\"g-cols vc_row via_grid cols_2 laptops-cols_inherit tablets-cols_inherit mobiles-cols_1 valign_middle type_default stacking_default\"><div class=\"wpb_column vc_column_container\"><div class=\"vc_column-inner\"><div class=\"w-image us_custom_f70d789f us_animate_this has_ratio align_none meta_simple\"><div class=\"w-image-h\"><div style=\"padding-bottom:133.3333%\"><\/div><img decoding=\"async\" width=\"970\" height=\"580\" src=\"https:\/\/www.hotelouigo.com\/dist\/uploads\/2024\/04\/tr_j_gauthier_050-copy.jpg\" class=\"attachment-large size-large\" alt=\"\" loading=\"lazy\" \/><\/div><div class=\"w-image-meta\"><div class=\"w-image-title\">Source : Centre interuniversitaire d\u2019\u00e9tudes qu\u00e9b\u00e9coises, coll. Ren\u00e9-Hardy, TR_J_Gauthier_050 et Diapo_GRM_245.<\/div><\/div><\/div><\/div><\/div><div class=\"wpb_column vc_column_container row-img-text__texte\"><div class=\"vc_column-inner\"><div class=\"wpb_text_column us_custom_492179a4\"><div class=\"wpb_wrapper\"><h2>HERITAGE VALUE<\/h2>\n<\/div><\/div><div class=\"w-separator size_large\"><\/div><div class=\"wpb_text_column\"><div class=\"wpb_wrapper\"><p>The heritage value of the Balcer Building comes from its legacy as a landmark in downtown Trois-Rivi\u00e8res. This section of Notre-Dame Street has a long history of commerce. Since the foundation of the city in the 17th century, the area has been a natural hub for financial activities because of its location near the river, which was a channel for the transportation of goods.<\/p>\n<p>Starting in the mid-19th century, the timber industry grew rapidly and the business district came alive. Several shops of all kinds sprang up on Forges Boulevard and Notre-Dame. In June 1908, a great fire ravaged the city and its buildings. The district had to undergo almost total reconstruction in the following months. The Balcer Building was constructed shortly after the fire, between 1908 and 1910.<\/p>\n<p>The Balcer Fur Store was founded by Eug\u00e8ne Balcer in Trois-Rivi\u00e8res in 1854. As early as 1915, tram lines were constructed on Notre-Dame, and traffic in the district increased even more. The Bank of Montreal acquired the Balcer Building in 1925 and renovated it in 1931. While the building has had several occupants over the years, it has retained its original mixed use.<\/p>\n<p>Today, the building is home to a hotel and remains a witness to the lively downtown area.<\/p>\n<\/div><\/div><\/div><\/div><\/div><\/div><\/section><section class=\"l-section wpb_row us_custom_5f1e9199 row-text-img height_medium\"><div class=\"l-section-h i-cf\"><div class=\"g-cols vc_row via_grid cols_2 laptops-cols_inherit tablets-cols_inherit mobiles-cols_1 valign_middle type_default stacking_default\"><div class=\"wpb_column vc_column_container row-text-img__texte\"><div class=\"vc_column-inner\"><div class=\"wpb_text_column us_custom_492179a4\"><div class=\"wpb_wrapper\"><h2>NOBLE AND REFINED CHARACTER<\/h2>\n<\/div><\/div><div class=\"w-separator size_large\"><\/div><div class=\"wpb_text_column\"><div class=\"wpb_wrapper\"><p>The Balcer Building\u2019s heritage value also stems from its architectural identity. The building\u2019s noble character is expressed through its refined ornaments borrowed from classical architecture vocabulary. The building is a throwback to historical styles, which had a resurgence of interest in the second half of the 19th century.<\/p>\n<p>References to the styles of the European built landscape, such as buildings from the Italian Renaissance, became popular at the time and were incorporated into the preferred style of merchants, industrialists and banks because the sophisticated decorations lent an air of prestige to buildings.<\/p>\n<\/div><\/div><\/div><\/div><div class=\"wpb_column vc_column_container\"><div class=\"vc_column-inner\"><div class=\"w-image us_custom_60e9caca img-restaurant us_animate_this has_ratio align_none meta_simple\"><div class=\"w-image-h\"><div style=\"padding-bottom:75%\"><\/div><img decoding=\"async\" width=\"970\" height=\"580\" src=\"https:\/\/www.hotelouigo.com\/dist\/uploads\/2024\/04\/diapo_grm_245-copy.jpg\" class=\"attachment-large size-large\" alt=\"\" loading=\"lazy\" \/><\/div><div class=\"w-image-meta\"><div class=\"w-image-title\">Source : Centre interuniversitaire d\u2019\u00e9tudes qu\u00e9b\u00e9coises, coll. Ren\u00e9-Hardy, TR_J_Gauthier_050 et Diapo_GRM_245.<\/div><\/div><\/div><\/div><\/div><\/div><\/div><\/section><section class=\"l-section wpb_row row-img-text height_medium\"><div class=\"l-section-h i-cf\"><div class=\"g-cols vc_row via_grid cols_2 laptops-cols_inherit tablets-cols_inherit mobiles-cols_1 valign_middle type_default stacking_default\"><div class=\"wpb_column vc_column_container column-restaurants__texte\"><div class=\"vc_column-inner\"><div class=\"w-image us_custom_60e9caca us_animate_this has_ratio align_none meta_simple\"><div class=\"w-image-h\"><div style=\"padding-bottom:75%\"><\/div><img decoding=\"async\" width=\"970\" height=\"580\" src=\"https:\/\/www.hotelouigo.com\/dist\/uploads\/2024\/04\/img_5245.jpg\" class=\"attachment-large size-large\" alt=\"\" loading=\"lazy\" \/><\/div><div class=\"w-image-meta\"><div class=\"w-image-title\">Source : Centre interuniversitaire d\u2019\u00e9tudes qu\u00e9b\u00e9coises, coll. Ren\u00e9-Hardy, TR_J_Gauthier_050 et Diapo_GRM_245.<\/div><\/div><\/div><\/div><\/div><div class=\"wpb_column vc_column_container row-img-text__texte\"><div class=\"vc_column-inner\"><div class=\"wpb_text_column us_custom_492179a4\"><div class=\"wpb_wrapper\"><h2>NEO-RENAISSANCE STYLE<\/h2>\n<\/div><\/div><div class=\"w-separator size_large\"><\/div><div class=\"wpb_text_column\"><div class=\"wpb_wrapper\"><p>The Balcer Building was designed by the architects Daoust and Lafond, who were very active after the great fire. Their neo-Renaissance style combined brick and stone, arched tripartite windows, pilasters, pediments and a wide cornice.<\/p>\n<p>All these details give the facades an almost theatrical feel and are reminiscent of nearby buildings on Notre-Dame Street. Indeed, many neighbouring buildings were designed in the same style, and even by the same architects, which gives a consistent feel to the built landscape in the area. Today, the Balcer Building still has its original components and has retained its architectural authenticity.<\/p>\n<\/div><\/div><\/div><\/div><\/div><\/div><\/section>\n","protected":false},"excerpt":{"rendered":"Heritage building Source : Centre interuniversitaire d\u2019\u00e9tudes qu\u00e9b\u00e9coises, coll. Ren\u00e9-Hardy, TR_J_Gauthier_050 et Diapo_GRM_245.HERITAGE VALUE The heritage value of the Balcer Building comes from its legacy as a landmark in downtown Trois-Rivi\u00e8res. This section of Notre-Dame Street has a long history of commerce. Since the foundation of the city in the 17th century, the area has...","protected":false},"author":1,"featured_media":0,"parent":0,"menu_order":0,"comment_status":"closed","ping_status":"closed","template":"","meta":{"_acf_changed":false,"footnotes":""},"class_list":["post-1148","page","type-page","status-publish","hentry"],"acf":[],"yoast_head":"<!-- This site is optimized with the Yoast SEO plugin v27.5 - https:\/\/yoast.com\/product\/yoast-seo-wordpress\/ -->\n<title>Heritage building | H\u00f4tel Oui GO! URBAIN. CHIC. D\u00c9CONTRACT\u00c9.<\/title>\n<meta name=\"description\" content=\"Heritage building | The heritage value of the Balcer Building comes from its legacy as a landmark in downtown Trois-Rivi\u00e8res.\" \/>\n<meta name=\"robots\" content=\"index, follow, max-snippet:-1, max-image-preview:large, max-video-preview:-1\" \/>\n<link rel=\"canonical\" href=\"https:\/\/www.hotelouigo.com\/en\/heritage-building\/\" \/>\n<meta property=\"og:locale\" content=\"en_US\" \/>\n<meta property=\"og:type\" content=\"article\" \/>\n<meta property=\"og:title\" content=\"Heritage building | H\u00f4tel Oui GO! URBAIN. CHIC. D\u00c9CONTRACT\u00c9.\" \/>\n<meta property=\"og:description\" content=\"Heritage building | The heritage value of the Balcer Building comes from its legacy as a landmark in downtown Trois-Rivi\u00e8res.\" \/>\n<meta property=\"og:url\" content=\"https:\/\/www.hotelouigo.com\/en\/heritage-building\/\" \/>\n<meta property=\"og:site_name\" content=\"H\u00f4tel Oui GO!\" \/>\n<meta property=\"article:publisher\" content=\"https:\/\/www.facebook.com\/hotelouigo\" \/>\n<meta property=\"article:modified_time\" content=\"2024-05-30T20:34:15+00:00\" \/>\n<meta name=\"twitter:card\" content=\"summary_large_image\" \/>\n<meta name=\"twitter:label1\" content=\"Est. reading time\" \/>\n\t<meta name=\"twitter:data1\" content=\"3 minutes\" \/>\n<script type=\"application\/ld+json\" class=\"yoast-schema-graph\">{\"@context\":\"https:\\\/\\\/schema.org\",\"@graph\":[{\"@type\":\"WebPage\",\"@id\":\"https:\\\/\\\/www.hotelouigo.com\\\/en\\\/heritage-building\\\/\",\"url\":\"https:\\\/\\\/www.hotelouigo.com\\\/en\\\/heritage-building\\\/\",\"name\":\"Heritage building | H\u00f4tel Oui GO! URBAIN. CHIC. D\u00c9CONTRACT\u00c9.\",\"isPartOf\":{\"@id\":\"https:\\\/\\\/www.hotelouigo.com\\\/en\\\/#website\"},\"datePublished\":\"2024-04-26T18:31:49+00:00\",\"dateModified\":\"2024-05-30T20:34:15+00:00\",\"description\":\"Heritage building | The heritage value of the Balcer Building comes from its legacy as a landmark in downtown Trois-Rivi\u00e8res.\",\"breadcrumb\":{\"@id\":\"https:\\\/\\\/www.hotelouigo.com\\\/en\\\/heritage-building\\\/#breadcrumb\"},\"inLanguage\":\"en-US\",\"potentialAction\":[{\"@type\":\"ReadAction\",\"target\":[\"https:\\\/\\\/www.hotelouigo.com\\\/en\\\/heritage-building\\\/\"]}]},{\"@type\":\"BreadcrumbList\",\"@id\":\"https:\\\/\\\/www.hotelouigo.com\\\/en\\\/heritage-building\\\/#breadcrumb\",\"itemListElement\":[{\"@type\":\"ListItem\",\"position\":1,\"name\":\"Accueil\",\"item\":\"https:\\\/\\\/www.hotelouigo.com\\\/en\\\/\"},{\"@type\":\"ListItem\",\"position\":2,\"name\":\"Heritage building\"}]},{\"@type\":\"WebSite\",\"@id\":\"https:\\\/\\\/www.hotelouigo.com\\\/en\\\/#website\",\"url\":\"https:\\\/\\\/www.hotelouigo.com\\\/en\\\/\",\"name\":\"H\u00f4tel Oui GO!\",\"description\":\"URBAIN. CHIC. D\u00c9CONTRACT\u00c9.\",\"publisher\":{\"@id\":\"https:\\\/\\\/www.hotelouigo.com\\\/en\\\/#organization\"},\"alternateName\":\"H\u00f4tel Oui GO!\",\"potentialAction\":[{\"@type\":\"SearchAction\",\"target\":{\"@type\":\"EntryPoint\",\"urlTemplate\":\"https:\\\/\\\/www.hotelouigo.com\\\/en\\\/?s={search_term_string}\"},\"query-input\":{\"@type\":\"PropertyValueSpecification\",\"valueRequired\":true,\"valueName\":\"search_term_string\"}}],\"inLanguage\":\"en-US\"},{\"@type\":\"Organization\",\"@id\":\"https:\\\/\\\/www.hotelouigo.com\\\/en\\\/#organization\",\"name\":\"H\u00f4tel Oui GO!\",\"url\":\"https:\\\/\\\/www.hotelouigo.com\\\/en\\\/\",\"logo\":{\"@type\":\"ImageObject\",\"inLanguage\":\"en-US\",\"@id\":\"https:\\\/\\\/www.hotelouigo.com\\\/en\\\/#\\\/schema\\\/logo\\\/image\\\/\",\"url\":\"https:\\\/\\\/www.hotelouigo.com\\\/wp-content\\\/uploads\\\/2024\\\/04\\\/OuiGo_logo_Noirgris-4_1603220426.png\",\"contentUrl\":\"https:\\\/\\\/www.hotelouigo.com\\\/wp-content\\\/uploads\\\/2024\\\/04\\\/OuiGo_logo_Noirgris-4_1603220426.png\",\"width\":1335,\"height\":1451,\"caption\":\"H\u00f4tel Oui GO!\"},\"image\":{\"@id\":\"https:\\\/\\\/www.hotelouigo.com\\\/en\\\/#\\\/schema\\\/logo\\\/image\\\/\"},\"sameAs\":[\"https:\\\/\\\/www.facebook.com\\\/hotelouigo\",\"https:\\\/\\\/www.instagram.com\\\/hotelouigo\\\/\",\"https:\\\/\\\/www.youtube.com\\\/@hotelouigo4898\"]}]}<\/script>\n<!-- \/ Yoast SEO plugin. -->","yoast_head_json":{"title":"Heritage building | H\u00f4tel Oui GO! URBAIN. CHIC. D\u00c9CONTRACT\u00c9.","description":"Heritage building | The heritage value of the Balcer Building comes from its legacy as a landmark in downtown Trois-Rivi\u00e8res.","robots":{"index":"index","follow":"follow","max-snippet":"max-snippet:-1","max-image-preview":"max-image-preview:large","max-video-preview":"max-video-preview:-1"},"canonical":"https:\/\/www.hotelouigo.com\/en\/heritage-building\/","og_locale":"en_US","og_type":"article","og_title":"Heritage building | H\u00f4tel Oui GO! URBAIN. CHIC. D\u00c9CONTRACT\u00c9.","og_description":"Heritage building | The heritage value of the Balcer Building comes from its legacy as a landmark in downtown Trois-Rivi\u00e8res.","og_url":"https:\/\/www.hotelouigo.com\/en\/heritage-building\/","og_site_name":"H\u00f4tel Oui GO!","article_publisher":"https:\/\/www.facebook.com\/hotelouigo","article_modified_time":"2024-05-30T20:34:15+00:00","twitter_card":"summary_large_image","twitter_misc":{"Est. reading time":"3 minutes"},"schema":{"@context":"https:\/\/schema.org","@graph":[{"@type":"WebPage","@id":"https:\/\/www.hotelouigo.com\/en\/heritage-building\/","url":"https:\/\/www.hotelouigo.com\/en\/heritage-building\/","name":"Heritage building | H\u00f4tel Oui GO! URBAIN. CHIC. D\u00c9CONTRACT\u00c9.","isPartOf":{"@id":"https:\/\/www.hotelouigo.com\/en\/#website"},"datePublished":"2024-04-26T18:31:49+00:00","dateModified":"2024-05-30T20:34:15+00:00","description":"Heritage building | The heritage value of the Balcer Building comes from its legacy as a landmark in downtown Trois-Rivi\u00e8res.","breadcrumb":{"@id":"https:\/\/www.hotelouigo.com\/en\/heritage-building\/#breadcrumb"},"inLanguage":"en-US","potentialAction":[{"@type":"ReadAction","target":["https:\/\/www.hotelouigo.com\/en\/heritage-building\/"]}]},{"@type":"BreadcrumbList","@id":"https:\/\/www.hotelouigo.com\/en\/heritage-building\/#breadcrumb","itemListElement":[{"@type":"ListItem","position":1,"name":"Accueil","item":"https:\/\/www.hotelouigo.com\/en\/"},{"@type":"ListItem","position":2,"name":"Heritage building"}]},{"@type":"WebSite","@id":"https:\/\/www.hotelouigo.com\/en\/#website","url":"https:\/\/www.hotelouigo.com\/en\/","name":"H\u00f4tel Oui GO!","description":"URBAIN. CHIC. D\u00c9CONTRACT\u00c9.","publisher":{"@id":"https:\/\/www.hotelouigo.com\/en\/#organization"},"alternateName":"H\u00f4tel Oui GO!","potentialAction":[{"@type":"SearchAction","target":{"@type":"EntryPoint","urlTemplate":"https:\/\/www.hotelouigo.com\/en\/?s={search_term_string}"},"query-input":{"@type":"PropertyValueSpecification","valueRequired":true,"valueName":"search_term_string"}}],"inLanguage":"en-US"},{"@type":"Organization","@id":"https:\/\/www.hotelouigo.com\/en\/#organization","name":"H\u00f4tel Oui GO!","url":"https:\/\/www.hotelouigo.com\/en\/","logo":{"@type":"ImageObject","inLanguage":"en-US","@id":"https:\/\/www.hotelouigo.com\/en\/#\/schema\/logo\/image\/","url":"https:\/\/www.hotelouigo.com\/dist\/uploads\/2024\/04\/OuiGo_logo_Noirgris-4_1603220426.png","contentUrl":"https:\/\/www.hotelouigo.com\/dist\/uploads\/2024\/04\/OuiGo_logo_Noirgris-4_1603220426.png","width":1335,"height":1451,"caption":"H\u00f4tel Oui GO!"},"image":{"@id":"https:\/\/www.hotelouigo.com\/en\/#\/schema\/logo\/image\/"},"sameAs":["https:\/\/www.facebook.com\/hotelouigo","https:\/\/www.instagram.com\/hotelouigo\/","https:\/\/www.youtube.com\/@hotelouigo4898"]}]}},"publishpress_future_workflow_manual_trigger":{"enabledWorkflows":[]},"_links":{"self":[{"href":"https:\/\/www.hotelouigo.com\/en\/wp-json\/wp\/v2\/pages\/1148","targetHints":{"allow":["GET"]}}],"collection":[{"href":"https:\/\/www.hotelouigo.com\/en\/wp-json\/wp\/v2\/pages"}],"about":[{"href":"https:\/\/www.hotelouigo.com\/en\/wp-json\/wp\/v2\/types\/page"}],"author":[{"embeddable":true,"href":"https:\/\/www.hotelouigo.com\/en\/wp-json\/wp\/v2\/users\/1"}],"replies":[{"embeddable":true,"href":"https:\/\/www.hotelouigo.com\/en\/wp-json\/wp\/v2\/comments?post=1148"}],"version-history":[{"count":0,"href":"https:\/\/www.hotelouigo.com\/en\/wp-json\/wp\/v2\/pages\/1148\/revisions"}],"wp:attachment":[{"href":"https:\/\/www.hotelouigo.com\/en\/wp-json\/wp\/v2\/media?parent=1148"}],"curies":[{"name":"wp","href":"https:\/\/api.w.org\/{rel}","templated":true}]}}