{"id":1155,"date":"2024-05-01T08:28:25","date_gmt":"2024-05-01T12:28:25","guid":{"rendered":"https:\/\/www.hotelouigo.com\/carrieres\/"},"modified":"2025-03-31T10:28:47","modified_gmt":"2025-03-31T14:28:47","slug":"careers","status":"publish","type":"page","link":"https:\/\/www.hotelouigo.com\/en\/careers\/","title":{"rendered":"Careers"},"content":{"rendered":"<section class=\"l-section wpb_row hero-section height_medium color_alternate with_img\"><div class=\"l-section-img\" role=\"img\" aria-label=\"Salle de r\u00e9union de l&#039;h\u00f4tel OuiGo\" data-img-width=\"970\" data-img-height=\"580\" style=\"background-image: url(https:\/\/www.hotelouigo.com\/dist\/uploads\/2024\/04\/eqx7069.jpg);background-repeat: no-repeat;\"><\/div><div class=\"l-section-overlay\" style=\"background:var(--color-alt-content-faded)\"><\/div><div class=\"l-section-h i-cf\"><div class=\"g-cols vc_row via_grid cols_1 laptops-cols_inherit tablets-cols_inherit mobiles-cols_1 valign_middle type_default stacking_default\"><div class=\"wpb_column vc_column_container\"><div class=\"vc_column-inner\"><div class=\"wpb_text_column us_custom_4c822b39 us_animate_this\"><div class=\"wpb_wrapper\"><h1 style=\"text-align: center;\">Career<\/h1>\n<\/div><\/div><\/div><\/div><\/div><\/div><\/section><section class=\"l-section wpb_row height_medium\"><div class=\"l-section-h i-cf\"><div class=\"g-cols vc_row via_grid cols_1 laptops-cols_inherit tablets-cols_inherit mobiles-cols_1 valign_top type_default stacking_default\"><div class=\"wpb_column vc_column_container\"><div class=\"vc_column-inner\"><div class=\"wpb_text_column style-h3\"><div class=\"wpb_wrapper\"><h2 dir=\"ltr\">CHIC HOTEL. URBAN. CASUAL. OF CULTURE AND HISTORY.<\/h2>\n<\/div><\/div><div class=\"w-separator size_large\"><\/div><div class=\"wpb_text_column\"><div class=\"wpb_wrapper\"><p>We are always looking for people passionate about hospitality, rooted in their community, and eager to provide guests with a personalized and unforgettable experience.<\/p>\n<p>Would you like to join our team? We invite you to send your application, specifying the desired position, to the email address <a href=\"mailto:info@hotelouigo.com\">info@hotelouigo.com<\/a>. You can also check the available job descriptions below.<\/p>\n<p>H\u00f4tel Oui GO!, a boutique hotel, has 28 rooms and a meeting room that can accommodate business clients. It is housed in two heritage buildings characterized by distinctive architecture from the early 20th century, rich with history due to their century-old existence.<\/p>\n<p>Guests staying at H\u00f4tel Oui GO! are invited to experience accommodations that combine the authenticity of the past with modern chic. Attentive and personalized service is offered to each guest in a casual atmosphere. There is a focus on design and comfort sought by trendy clientele.<\/p>\n<p>With a concept centered on the guest experience, we are a young, constantly growing company with ongoing new projects and developments. Our employees work within a small, dynamic, and welcoming team. In fact, teamwork is part of our daily routine. You are welcome to join our team!<\/p>\n<\/div><\/div><div class=\"w-separator size_large\"><\/div><div class=\"w-tabs style_default switch_click accordion has_scrolling\" style=\"--sections-title-size:var(--step-1)\"><div class=\"w-tabs-sections titles-align_none icon_chevron cpos_right\"><div class=\"w-tabs-section\" id=\"n9ed\"><button class=\"w-tabs-section-header\" aria-controls=\"content-n9ed\" aria-expanded=\"false\"><h3 class=\"w-tabs-section-title\">Housekeeping Attendant<\/h3><div class=\"w-tabs-section-control\"><\/div><\/button><div  class=\"w-tabs-section-content\" id=\"content-n9ed\"><div class=\"w-tabs-section-content-h i-cf\"><div class=\"wpb_text_column\"><div class=\"wpb_wrapper\"><p><strong>We are hiring<\/strong><\/p>\n<ul>\n<li>1 full-time attendant (30 &#8211; 35 hours\/week)<\/li>\n<\/ul>\n<p><strong>Your Role<\/strong><\/p>\n<p>As a housekeeping attendant, you will have a very important role within the Hotel team. We value our clientele, and thanks to you, when our guests enter their rooms, they can rest without worry. The long journey or the extensive travel can sometimes be synonymous with stress and fatigue for some, so everything must be impeccable and tidy in the rooms. This creates an automatic feeling of relaxation when the guest enters. Under the responsibility of the head housekeeper and the maintenance team leader of the hotel, you will have to carry out the daily tasks assigned to you according to the workload. This position requires some physical endurance, as you may sometimes have to stand for a few hours and lift objects weighing up to 10 KG \/ 20lbs. We value people with attention to detail and professionalism. You will have to work with the existing team, so it is essential to have a team spirit.<\/p>\n<p><strong>Job Responsibilities<\/strong><\/p>\n<ul>\n<li>Adherence to workplace safety standards;<\/li>\n<li>Implementation of hotel procedures and policies;<\/li>\n<li>High-quality customer service;<\/li>\n<li>Compliance with instructions from the head housekeeper, team leader, or inspector;<\/li>\n<li>Care for the equipment and materials provided to you;<\/li>\n<li>Demonstration of discretion and professionalism;<\/li>\n<li>Working with sheets and reports and completing them.<\/li>\n<\/ul>\n<p><strong>Specific Tasks<\/strong><\/p>\n<ul>\n<li>Clean rooms and bathrooms;<\/li>\n<li>Wash floors;<\/li>\n<li>Dust furniture, disinfect surfaces;<\/li>\n<li>Change bedding and towels;<\/li>\n<li>Restock hospitality and hygiene products;<\/li>\n<li>Report irregularities related to room conditions (defects, thefts, found items, damages);<\/li>\n<li>Maintain laundry rooms in good condition;<\/li>\n<li>Launder items that we wash on-site;<\/li>\n<li>Receive bedding and towels sent by the laundry;<\/li>\n<li>Maintain common areas and bathrooms;<\/li>\n<li>Any other related tasks.<\/li>\n<\/ul>\n<p><strong>Required Skills<\/strong><\/p>\n<ul>\n<li>Attention to detail;<\/li>\n<li>Discretion;<\/li>\n<li>Concern for detail and customer satisfaction;<\/li>\n<li>Enjoy teamwork;<\/li>\n<li>Good physical fitness;<\/li>\n<li>Ability to work under pressure.<\/li>\n<\/ul>\n<p><strong>Benefits<\/strong><\/p>\n<ul>\n<li>Included and paid training;<\/li>\n<li>Daytime shifts only;<\/li>\n<li>Work-family-study balance;<\/li>\n<li>Employee discounts on rooms and online shop;<\/li>\n<li>Easy access to public transportation;<\/li>\n<li>Tips.<\/li>\n<\/ul>\n<p>We invite you to send your application specifying the desired position to the email address <a href=\"mailto:marco.robert@hotelouigo.com\" rel=\"noreferrer\">marco.robert@hotelouigo.com<\/a>.<\/p>\n<\/div><\/div><\/div><\/div><\/div><\/div><\/div><\/div><\/div><\/div><\/div><\/section>\n","protected":false},"excerpt":{"rendered":"Career CHIC HOTEL. URBAN. CASUAL. OF CULTURE AND HISTORY. We are always looking for people passionate about hospitality, rooted in their community, and eager to provide guests with a personalized and unforgettable experience. Would you like to join our team? We invite you to send your application, specifying the desired position, to the email address...","protected":false},"author":1,"featured_media":1681,"parent":0,"menu_order":0,"comment_status":"closed","ping_status":"closed","template":"","meta":{"_acf_changed":false,"footnotes":""},"class_list":["post-1155","page","type-page","status-publish","has-post-thumbnail","hentry"],"acf":[],"yoast_head":"<!-- This site is optimized with the Yoast SEO plugin v27.6 - https:\/\/yoast.com\/product\/yoast-seo-wordpress\/ -->\n<title>Careers | H\u00f4tel Oui GO! URBAIN. CHIC. D\u00c9CONTRACT\u00c9.<\/title>\n<meta name=\"description\" content=\"Careers | We are looking for people eager to provide guests with a personalized and unforgettable experience.\" \/>\n<meta name=\"robots\" content=\"index, follow, max-snippet:-1, max-image-preview:large, max-video-preview:-1\" \/>\n<link rel=\"canonical\" href=\"https:\/\/www.hotelouigo.com\/en\/careers\/\" \/>\n<meta property=\"og:locale\" content=\"en_US\" \/>\n<meta property=\"og:type\" content=\"article\" \/>\n<meta property=\"og:title\" content=\"Careers | H\u00f4tel Oui GO! URBAIN. CHIC. D\u00c9CONTRACT\u00c9.\" \/>\n<meta property=\"og:description\" content=\"Careers | We are looking for people eager to provide guests with a personalized and unforgettable experience.\" \/>\n<meta property=\"og:url\" content=\"https:\/\/www.hotelouigo.com\/en\/careers\/\" \/>\n<meta property=\"og:site_name\" content=\"H\u00f4tel Oui GO!\" \/>\n<meta property=\"article:publisher\" content=\"https:\/\/www.facebook.com\/hotelouigo\" \/>\n<meta property=\"article:modified_time\" content=\"2025-03-31T14:28:47+00:00\" \/>\n<meta name=\"twitter:card\" content=\"summary_large_image\" \/>\n<meta name=\"twitter:label1\" content=\"Est. reading time\" \/>\n\t<meta name=\"twitter:data1\" content=\"3 minutes\" \/>\n<script type=\"application\/ld+json\" class=\"yoast-schema-graph\">{\"@context\":\"https:\\\/\\\/schema.org\",\"@graph\":[{\"@type\":\"WebPage\",\"@id\":\"https:\\\/\\\/www.hotelouigo.com\\\/en\\\/careers\\\/\",\"url\":\"https:\\\/\\\/www.hotelouigo.com\\\/en\\\/careers\\\/\",\"name\":\"Careers | H\u00f4tel Oui GO! URBAIN. CHIC. D\u00c9CONTRACT\u00c9.\",\"isPartOf\":{\"@id\":\"https:\\\/\\\/www.hotelouigo.com\\\/en\\\/#website\"},\"primaryImageOfPage\":{\"@id\":\"https:\\\/\\\/www.hotelouigo.com\\\/en\\\/careers\\\/#primaryimage\"},\"image\":{\"@id\":\"https:\\\/\\\/www.hotelouigo.com\\\/en\\\/careers\\\/#primaryimage\"},\"thumbnailUrl\":\"https:\\\/\\\/www.hotelouigo.com\\\/wp-content\\\/uploads\\\/2025\\\/01\\\/B2_0585-Modifier.png\",\"datePublished\":\"2024-05-01T12:28:25+00:00\",\"dateModified\":\"2025-03-31T14:28:47+00:00\",\"description\":\"Careers | We are looking for people eager to provide guests with a personalized and unforgettable experience.\",\"breadcrumb\":{\"@id\":\"https:\\\/\\\/www.hotelouigo.com\\\/en\\\/careers\\\/#breadcrumb\"},\"inLanguage\":\"en-US\",\"potentialAction\":[{\"@type\":\"ReadAction\",\"target\":[\"https:\\\/\\\/www.hotelouigo.com\\\/en\\\/careers\\\/\"]}]},{\"@type\":\"ImageObject\",\"inLanguage\":\"en-US\",\"@id\":\"https:\\\/\\\/www.hotelouigo.com\\\/en\\\/careers\\\/#primaryimage\",\"url\":\"https:\\\/\\\/www.hotelouigo.com\\\/wp-content\\\/uploads\\\/2025\\\/01\\\/B2_0585-Modifier.png\",\"contentUrl\":\"https:\\\/\\\/www.hotelouigo.com\\\/wp-content\\\/uploads\\\/2025\\\/01\\\/B2_0585-Modifier.png\",\"width\":1280,\"height\":1920,\"caption\":\"Restaurant Le Bistroquet\"},{\"@type\":\"BreadcrumbList\",\"@id\":\"https:\\\/\\\/www.hotelouigo.com\\\/en\\\/careers\\\/#breadcrumb\",\"itemListElement\":[{\"@type\":\"ListItem\",\"position\":1,\"name\":\"Accueil\",\"item\":\"https:\\\/\\\/www.hotelouigo.com\\\/en\\\/\"},{\"@type\":\"ListItem\",\"position\":2,\"name\":\"Careers\"}]},{\"@type\":\"WebSite\",\"@id\":\"https:\\\/\\\/www.hotelouigo.com\\\/en\\\/#website\",\"url\":\"https:\\\/\\\/www.hotelouigo.com\\\/en\\\/\",\"name\":\"H\u00f4tel Oui GO!\",\"description\":\"URBAIN. CHIC. D\u00c9CONTRACT\u00c9.\",\"publisher\":{\"@id\":\"https:\\\/\\\/www.hotelouigo.com\\\/en\\\/#organization\"},\"alternateName\":\"H\u00f4tel Oui GO!\",\"potentialAction\":[{\"@type\":\"SearchAction\",\"target\":{\"@type\":\"EntryPoint\",\"urlTemplate\":\"https:\\\/\\\/www.hotelouigo.com\\\/en\\\/?s={search_term_string}\"},\"query-input\":{\"@type\":\"PropertyValueSpecification\",\"valueRequired\":true,\"valueName\":\"search_term_string\"}}],\"inLanguage\":\"en-US\"},{\"@type\":\"Organization\",\"@id\":\"https:\\\/\\\/www.hotelouigo.com\\\/en\\\/#organization\",\"name\":\"H\u00f4tel Oui GO!\",\"url\":\"https:\\\/\\\/www.hotelouigo.com\\\/en\\\/\",\"logo\":{\"@type\":\"ImageObject\",\"inLanguage\":\"en-US\",\"@id\":\"https:\\\/\\\/www.hotelouigo.com\\\/en\\\/#\\\/schema\\\/logo\\\/image\\\/\",\"url\":\"https:\\\/\\\/www.hotelouigo.com\\\/wp-content\\\/uploads\\\/2024\\\/04\\\/OuiGo_logo_Noirgris-4_1603220426.png\",\"contentUrl\":\"https:\\\/\\\/www.hotelouigo.com\\\/wp-content\\\/uploads\\\/2024\\\/04\\\/OuiGo_logo_Noirgris-4_1603220426.png\",\"width\":1335,\"height\":1451,\"caption\":\"H\u00f4tel Oui GO!\"},\"image\":{\"@id\":\"https:\\\/\\\/www.hotelouigo.com\\\/en\\\/#\\\/schema\\\/logo\\\/image\\\/\"},\"sameAs\":[\"https:\\\/\\\/www.facebook.com\\\/hotelouigo\",\"https:\\\/\\\/www.instagram.com\\\/hotelouigo\\\/\",\"https:\\\/\\\/www.youtube.com\\\/@hotelouigo4898\"]}]}<\/script>\n<!-- \/ Yoast SEO plugin. -->","yoast_head_json":{"title":"Careers | H\u00f4tel Oui GO! URBAIN. CHIC. D\u00c9CONTRACT\u00c9.","description":"Careers | We are looking for people eager to provide guests with a personalized and unforgettable experience.","robots":{"index":"index","follow":"follow","max-snippet":"max-snippet:-1","max-image-preview":"max-image-preview:large","max-video-preview":"max-video-preview:-1"},"canonical":"https:\/\/www.hotelouigo.com\/en\/careers\/","og_locale":"en_US","og_type":"article","og_title":"Careers | H\u00f4tel Oui GO! URBAIN. CHIC. D\u00c9CONTRACT\u00c9.","og_description":"Careers | We are looking for people eager to provide guests with a personalized and unforgettable experience.","og_url":"https:\/\/www.hotelouigo.com\/en\/careers\/","og_site_name":"H\u00f4tel Oui GO!","article_publisher":"https:\/\/www.facebook.com\/hotelouigo","article_modified_time":"2025-03-31T14:28:47+00:00","twitter_card":"summary_large_image","twitter_misc":{"Est. reading time":"3 minutes"},"schema":{"@context":"https:\/\/schema.org","@graph":[{"@type":"WebPage","@id":"https:\/\/www.hotelouigo.com\/en\/careers\/","url":"https:\/\/www.hotelouigo.com\/en\/careers\/","name":"Careers | H\u00f4tel Oui GO! URBAIN. CHIC. D\u00c9CONTRACT\u00c9.","isPartOf":{"@id":"https:\/\/www.hotelouigo.com\/en\/#website"},"primaryImageOfPage":{"@id":"https:\/\/www.hotelouigo.com\/en\/careers\/#primaryimage"},"image":{"@id":"https:\/\/www.hotelouigo.com\/en\/careers\/#primaryimage"},"thumbnailUrl":"https:\/\/www.hotelouigo.com\/dist\/uploads\/2025\/01\/B2_0585-Modifier.png","datePublished":"2024-05-01T12:28:25+00:00","dateModified":"2025-03-31T14:28:47+00:00","description":"Careers | We are looking for people eager to provide guests with a personalized and unforgettable experience.","breadcrumb":{"@id":"https:\/\/www.hotelouigo.com\/en\/careers\/#breadcrumb"},"inLanguage":"en-US","potentialAction":[{"@type":"ReadAction","target":["https:\/\/www.hotelouigo.com\/en\/careers\/"]}]},{"@type":"ImageObject","inLanguage":"en-US","@id":"https:\/\/www.hotelouigo.com\/en\/careers\/#primaryimage","url":"https:\/\/www.hotelouigo.com\/dist\/uploads\/2025\/01\/B2_0585-Modifier.png","contentUrl":"https:\/\/www.hotelouigo.com\/dist\/uploads\/2025\/01\/B2_0585-Modifier.png","width":1280,"height":1920,"caption":"Restaurant Le Bistroquet"},{"@type":"BreadcrumbList","@id":"https:\/\/www.hotelouigo.com\/en\/careers\/#breadcrumb","itemListElement":[{"@type":"ListItem","position":1,"name":"Accueil","item":"https:\/\/www.hotelouigo.com\/en\/"},{"@type":"ListItem","position":2,"name":"Careers"}]},{"@type":"WebSite","@id":"https:\/\/www.hotelouigo.com\/en\/#website","url":"https:\/\/www.hotelouigo.com\/en\/","name":"H\u00f4tel Oui GO!","description":"URBAIN. CHIC. D\u00c9CONTRACT\u00c9.","publisher":{"@id":"https:\/\/www.hotelouigo.com\/en\/#organization"},"alternateName":"H\u00f4tel Oui GO!","potentialAction":[{"@type":"SearchAction","target":{"@type":"EntryPoint","urlTemplate":"https:\/\/www.hotelouigo.com\/en\/?s={search_term_string}"},"query-input":{"@type":"PropertyValueSpecification","valueRequired":true,"valueName":"search_term_string"}}],"inLanguage":"en-US"},{"@type":"Organization","@id":"https:\/\/www.hotelouigo.com\/en\/#organization","name":"H\u00f4tel Oui GO!","url":"https:\/\/www.hotelouigo.com\/en\/","logo":{"@type":"ImageObject","inLanguage":"en-US","@id":"https:\/\/www.hotelouigo.com\/en\/#\/schema\/logo\/image\/","url":"https:\/\/www.hotelouigo.com\/dist\/uploads\/2024\/04\/OuiGo_logo_Noirgris-4_1603220426.png","contentUrl":"https:\/\/www.hotelouigo.com\/dist\/uploads\/2024\/04\/OuiGo_logo_Noirgris-4_1603220426.png","width":1335,"height":1451,"caption":"H\u00f4tel Oui GO!"},"image":{"@id":"https:\/\/www.hotelouigo.com\/en\/#\/schema\/logo\/image\/"},"sameAs":["https:\/\/www.facebook.com\/hotelouigo","https:\/\/www.instagram.com\/hotelouigo\/","https:\/\/www.youtube.com\/@hotelouigo4898"]}]}},"publishpress_future_workflow_manual_trigger":{"enabledWorkflows":[]},"_links":{"self":[{"href":"https:\/\/www.hotelouigo.com\/en\/wp-json\/wp\/v2\/pages\/1155","targetHints":{"allow":["GET"]}}],"collection":[{"href":"https:\/\/www.hotelouigo.com\/en\/wp-json\/wp\/v2\/pages"}],"about":[{"href":"https:\/\/www.hotelouigo.com\/en\/wp-json\/wp\/v2\/types\/page"}],"author":[{"embeddable":true,"href":"https:\/\/www.hotelouigo.com\/en\/wp-json\/wp\/v2\/users\/1"}],"replies":[{"embeddable":true,"href":"https:\/\/www.hotelouigo.com\/en\/wp-json\/wp\/v2\/comments?post=1155"}],"version-history":[{"count":0,"href":"https:\/\/www.hotelouigo.com\/en\/wp-json\/wp\/v2\/pages\/1155\/revisions"}],"wp:featuredmedia":[{"embeddable":true,"href":"https:\/\/www.hotelouigo.com\/en\/wp-json\/wp\/v2\/media\/1681"}],"wp:attachment":[{"href":"https:\/\/www.hotelouigo.com\/en\/wp-json\/wp\/v2\/media?parent=1155"}],"curies":[{"name":"wp","href":"https:\/\/api.w.org\/{rel}","templated":true}]}}