{"id":1188,"date":"2024-04-26T14:31:13","date_gmt":"2024-04-26T18:31:13","guid":{"rendered":"https:\/\/www.hotelouigo.com\/restaurants\/"},"modified":"2025-02-11T09:24:14","modified_gmt":"2025-02-11T14:24:14","slug":"restaurants","status":"publish","type":"page","link":"https:\/\/www.hotelouigo.com\/en\/restaurants\/","title":{"rendered":"Restaurants"},"content":{"rendered":"<section class=\"l-section wpb_row hero-section height_medium color_alternate with_img\"><div class=\"l-section-img\" role=\"img\" aria-label=\"Image page restaurants\" data-img-width=\"1920\" data-img-height=\"785\" style=\"background-image: url(https:\/\/www.hotelouigo.com\/dist\/uploads\/2024\/04\/resto.jpg);background-repeat: no-repeat;\"><\/div><div class=\"l-section-overlay\" style=\"background:var(--color-alt-content-faded)\"><\/div><div class=\"l-section-h i-cf\"><div class=\"g-cols vc_row via_grid cols_1 laptops-cols_inherit tablets-cols_inherit mobiles-cols_1 valign_middle type_default stacking_default\"><div class=\"wpb_column vc_column_container\"><div class=\"vc_column-inner\"><div class=\"wpb_text_column us_custom_4c822b39 us_animate_this\"><div class=\"wpb_wrapper\"><h1 style=\"text-align: center;\">Restaurants<\/h1>\n<\/div><\/div><\/div><\/div><\/div><\/div><\/section><section class=\"l-section wpb_row us_custom_5f1e9199 row-img-text height_medium\"><div class=\"l-section-h i-cf\"><div class=\"g-cols vc_row via_grid cols_2 laptops-cols_inherit tablets-cols_inherit mobiles-cols_1 valign_middle type_default stacking_default\"><div class=\"wpb_column vc_column_container column-restaurants__texte\"><div class=\"vc_column-inner\"><div class=\"w-image us_custom_f70d789f img-restaurant us_animate_this has_ratio align_none\"><div class=\"w-image-h\"><div style=\"padding-bottom:75%\"><\/div><img decoding=\"async\" width=\"1024\" height=\"683\" src=\"https:\/\/www.hotelouigo.com\/dist\/uploads\/2025\/01\/B2_9626-1024x683.png\" class=\"attachment-large size-large\" alt=\"D\u00e9jeuner Le Bistroquet\" loading=\"lazy\" \/><\/div><\/div><\/div><\/div><div class=\"wpb_column vc_column_container row-img-text__texte\"><div class=\"vc_column-inner\"><div class=\"wpb_text_column us_custom_492179a4\"><div class=\"wpb_wrapper\"><h2>Le Bistroquet<br \/>\nH\u00f4tel Oui Go!<\/h2>\n<\/div><\/div><div class=\"w-separator size_large\"><\/div><div class=\"wpb_text_column us_custom_492179a4\"><div class=\"wpb_wrapper\"><p>RESTAURANT FOR LUNCH AND DINNER, LE BISTROQUET FOCUSES ON A SELECTION OF HOUSE-MADE WAFFLES AND COMPLETE BREAKFASTS WITH AN INTERESTING MIX OF SWEET AND SAVORY ITEMS ON ITS MENU.<\/p>\n<\/div><\/div><div class=\"w-separator size_large\"><\/div><div class=\"wpb_text_column\"><div class=\"wpb_wrapper\"><p>We invite you to a unique tasting experience with the choices available on our lunch and dinner menu located in the hotel lounge.<\/p>\n<p>Enjoy an exclusive package with the H\u00f4tel Oui Go during your next stay! Open 5 days a week, from Wednesday to Sunday. Breakfasts are available on weekdays and weekends from 7:00 AM to 1:00 PM. The schedule may vary on holidays.<\/p>\n<\/div><\/div><div class=\"w-separator size_large\"><\/div><div class=\"w-btn-wrapper align_none\"><a class=\"w-btn us-btn-style_2 us_custom_492179a4\" target=\"_blank\" href=\"https:\/\/www.hotelouigo.com\/en\/LE-BISTROQUET\/\"><span class=\"w-btn-label\">VIEW THE MENU<\/span><\/a><\/div><\/div><\/div><\/div><\/div><\/section><section class=\"l-section wpb_row us_custom_5f1e9199 row-text-img height_medium\"><div class=\"l-section-h i-cf\"><div class=\"g-cols vc_row via_grid cols_2 laptops-cols_inherit tablets-cols_inherit mobiles-cols_1 valign_middle type_default stacking_default\"><div class=\"wpb_column vc_column_container row-text-img__texte\"><div class=\"vc_column-inner\"><div class=\"wpb_text_column us_custom_492179a4\"><div class=\"wpb_wrapper\"><h2>LE GRILL<\/h2>\n<\/div><\/div><div class=\"w-separator size_large\"><\/div><div class=\"wpb_text_column us_custom_492179a4\"><div class=\"wpb_wrapper\"><p>FOR OVER 17 YEARS, IN THE HEART OF DOWNTOWN TROIS-RIVI\u00c8RES, RESTAURANT LE GRILL WELCOMES YOU TO ITS COZY AMBIANCE, REMINISCENT OF NEW YORK LOUNGES.<\/p>\n<\/div><\/div><div class=\"w-separator size_large\"><\/div><div class=\"wpb_text_column\"><div class=\"wpb_wrapper\"><p>Their menu is renowned for offering a selection of juicy and tender steaks, aged to perfection. The prime rib au jus is slow-roasted, and the seafood is bursting with freshness.<\/p>\n<\/div><\/div><div class=\"w-separator size_large\"><\/div><div class=\"w-btn-wrapper align_none\"><a class=\"w-btn us-btn-style_2 us_custom_492179a4\" target=\"_blank\" href=\"https:\/\/restolegrill.com\/menus\/\"><span class=\"w-btn-label\">VIEW THE MENU<\/span><\/a><\/div><\/div><\/div><div class=\"wpb_column vc_column_container\"><div class=\"vc_column-inner\"><div class=\"w-image us_custom_60e9caca img-restaurant us_animate_this has_ratio align_none\"><div class=\"w-image-h\"><div style=\"padding-bottom:75%\"><\/div><img decoding=\"async\" width=\"970\" height=\"580\" src=\"https:\/\/www.hotelouigo.com\/dist\/uploads\/2024\/04\/restaurant-le-grill2_r.png\" class=\"attachment-large size-large\" alt=\"\" loading=\"lazy\" \/><\/div><\/div><\/div><\/div><\/div><\/div><\/section><section class=\"l-section wpb_row us_custom_5f1e9199 row-img-text height_medium\"><div class=\"l-section-h i-cf\"><div class=\"g-cols vc_row via_grid cols_2 laptops-cols_inherit tablets-cols_inherit mobiles-cols_1 valign_middle type_default stacking_default\"><div class=\"wpb_column vc_column_container column-restaurants__texte\"><div class=\"vc_column-inner\"><div class=\"w-image us_custom_60e9caca img-restaurant us_animate_this has_ratio align_none\"><div class=\"w-image-h\"><div style=\"padding-bottom:75%\"><\/div><img decoding=\"async\" width=\"970\" height=\"580\" src=\"https:\/\/www.hotelouigo.com\/dist\/uploads\/2024\/04\/brasier_r.png\" class=\"attachment-large size-large\" alt=\"\" loading=\"lazy\" \/><\/div><\/div><\/div><\/div><div class=\"wpb_column vc_column_container row-img-text__texte\"><div class=\"vc_column-inner\"><div class=\"wpb_text_column us_custom_492179a4\"><div class=\"wpb_wrapper\"><h2>LE BRASIER 1908<\/h2>\n<\/div><\/div><div class=\"w-separator size_large\"><\/div><div class=\"wpb_text_column us_custom_492179a4\"><div class=\"wpb_wrapper\"><p>IT&#8217;S THROUGH A COMFORTING MENU AND ATTENTION TO DETAIL THAT THE TEAM AT BRASIER 1908 OFFERS YOU A SIMPLY FIRED-UP RESTAURANT, FOR AN AUTHENTIC AND SOUGHT-AFTER EXPERIENCE.<\/p>\n<\/div><\/div><div class=\"w-separator size_large\"><\/div><div class=\"wpb_text_column\"><div class=\"wpb_wrapper\"><p>The cuisine is comforting, like the evening following the blaze. The soul of the Southern United States and that of Quebec are honored in this simply fired-up menu.<\/p>\n<p>Experience Le Brasier 1908 now in the comfort of Hotel Oui GO! You will find an exclusive menu in your room. Order now!<\/p>\n<p>*Available exclusively from Tuesday to Saturday, from 5:00 PM to 9:00 PM. Taxes and service charges extra. Certain conditions apply.<\/p>\n<\/div><\/div><div class=\"w-separator size_large\"><\/div><div class=\"w-btn-wrapper align_none\"><a class=\"w-btn us-btn-style_2 us_custom_492179a4\" target=\"_blank\" href=\"https:\/\/brasier1908.com\/menu\/\"><span class=\"w-btn-label\">VIEW THE MENU<\/span><\/a><\/div><\/div><\/div><\/div><\/div><\/section><section class=\"l-section wpb_row us_custom_5f1e9199 row-text-img height_medium\"><div class=\"l-section-h i-cf\"><div class=\"g-cols vc_row via_grid cols_2 laptops-cols_inherit tablets-cols_inherit mobiles-cols_1 valign_middle type_default stacking_default\"><div class=\"wpb_column vc_column_container row-text-img__texte\"><div class=\"vc_column-inner\"><div class=\"wpb_text_column us_custom_492179a4\"><div class=\"wpb_wrapper\"><h2>L\u2019\u00c9PI. BUVETTE DE QUARTIER<\/h2>\n<\/div><\/div><div class=\"w-separator size_large\"><\/div><div class=\"wpb_text_column us_custom_492179a4\"><div class=\"wpb_wrapper\"><p>L&#8217;\u00c9PI is a friendly and warm restaurant established in downtown Trois-Rivi\u00e8res, working in collaboration with local farms.<\/p>\n<\/div><\/div><div class=\"w-separator size_large\"><\/div><div class=\"wpb_text_column\"><div class=\"wpb_wrapper\"><p>L&#8217;\u00c9PI offers inventive and original cuisine, both on the plate and in the glass, thanks to the variety of its sourcing. The quality of the ingredients, their proximity, and their ecological impact are fundamental values \u200b\u200bat \u00c9pi and are evoked both in the dishes and in the aesthetics of the restaurant.<\/p>\n<\/div><\/div><div class=\"w-separator size_large\"><\/div><div class=\"w-btn-wrapper align_none\"><a class=\"w-btn us-btn-style_2 us_custom_492179a4\" target=\"_blank\" href=\"https:\/\/www.epibuvette.ca\/\"><span class=\"w-btn-label\">VIEW THE WEBSITE<\/span><\/a><\/div><\/div><\/div><div class=\"wpb_column vc_column_container\"><div class=\"vc_column-inner\"><div class=\"w-image us_custom_60e9caca img-restaurant us_animate_this has_ratio align_none\"><div class=\"w-image-h\"><div style=\"padding-bottom:75%\"><\/div><img decoding=\"async\" width=\"970\" height=\"580\" src=\"https:\/\/www.hotelouigo.com\/dist\/uploads\/2024\/04\/buvette_r.png\" class=\"attachment-large size-large\" alt=\"\" loading=\"lazy\" \/><\/div><\/div><\/div><\/div><\/div><\/div><\/section><section class=\"l-section wpb_row row-img-text height_medium\"><div class=\"l-section-h i-cf\"><div class=\"g-cols vc_row via_grid cols_2 laptops-cols_inherit tablets-cols_inherit mobiles-cols_1 valign_middle type_default stacking_default\"><div class=\"wpb_column vc_column_container column-restaurants__texte\"><div class=\"vc_column-inner\"><div class=\"w-image us_custom_60e9caca img-restaurant us_animate_this has_ratio align_none\"><div class=\"w-image-h\"><div style=\"padding-bottom:75%\"><\/div><img decoding=\"async\" width=\"970\" height=\"580\" src=\"https:\/\/www.hotelouigo.com\/dist\/uploads\/2024\/04\/Centreville_r.png\" class=\"attachment-large size-large\" alt=\"\" loading=\"lazy\" \/><\/div><\/div><\/div><\/div><div class=\"wpb_column vc_column_container row-img-text__texte\"><div class=\"vc_column-inner\"><div class=\"wpb_text_column us_custom_492179a4\"><div class=\"wpb_wrapper\"><h2>OTHER FAVORITE RESTAURANTS<\/h2>\n<\/div><\/div><div class=\"w-separator size_large\"><\/div><div class=\"wpb_text_column\"><div class=\"wpb_wrapper\"><p>Le Temps d\u2019une Pinte<\/p>\n<p>Le Pot &#8211; Papilles et Cocktails<\/p>\n<p>Les Contrebandiers &#8211; Boissonnerie Gourmande<\/p>\n<p>Le Buck &#8211; Pub Gastronomique<\/p>\n<p>Angeline &#8211; Pizza &amp; Pasta<\/p>\n<p>Poivre Noir<\/p>\n<p>La Maison de D\u00e9bauche &#8211; Par le Carlito<\/p>\n<p>Mezcal &#8211; Taquer\u00eda de Barrio<\/p>\n<p>Le Bette<\/p>\n<\/div><\/div><\/div><\/div><\/div><\/div><\/section>\n","protected":false},"excerpt":{"rendered":"Restaurants Le Bistroquet H\u00f4tel Oui Go! RESTAURANT FOR LUNCH AND DINNER, LE BISTROQUET FOCUSES ON A SELECTION OF HOUSE-MADE WAFFLES AND COMPLETE BREAKFASTS WITH AN INTERESTING MIX OF SWEET AND SAVORY ITEMS ON ITS MENU. We invite you to a unique tasting experience with the choices available on our lunch and dinner menu located in...","protected":false},"author":1,"featured_media":2639,"parent":0,"menu_order":0,"comment_status":"closed","ping_status":"closed","template":"","meta":{"_acf_changed":false,"footnotes":""},"class_list":["post-1188","page","type-page","status-publish","has-post-thumbnail","hentry"],"acf":[],"yoast_head":"<!-- This site is optimized with the Yoast SEO plugin v27.4 - https:\/\/yoast.com\/product\/yoast-seo-wordpress\/ -->\n<title>Restaurants | H\u00f4tel Oui GO! URBAIN. CHIC. D\u00c9CONTRACT\u00c9.<\/title>\n<meta name=\"description\" content=\"Check out this page to discover our favorite restaurants (lunch and dinner) located in downtown Trois-Rivi\u00e8res.\" \/>\n<meta name=\"robots\" content=\"index, follow, max-snippet:-1, max-image-preview:large, max-video-preview:-1\" \/>\n<link rel=\"canonical\" href=\"https:\/\/www.hotelouigo.com\/en\/restaurants\/\" \/>\n<meta property=\"og:locale\" content=\"en_US\" \/>\n<meta property=\"og:type\" content=\"article\" \/>\n<meta property=\"og:title\" content=\"Restaurants | H\u00f4tel Oui GO! URBAIN. CHIC. D\u00c9CONTRACT\u00c9.\" \/>\n<meta property=\"og:description\" content=\"Check out this page to discover our favorite restaurants (lunch and dinner) located in downtown Trois-Rivi\u00e8res.\" \/>\n<meta property=\"og:url\" content=\"https:\/\/www.hotelouigo.com\/en\/restaurants\/\" \/>\n<meta property=\"og:site_name\" content=\"H\u00f4tel Oui GO!\" \/>\n<meta property=\"article:publisher\" content=\"https:\/\/www.facebook.com\/hotelouigo\" \/>\n<meta property=\"article:modified_time\" content=\"2025-02-11T14:24:14+00:00\" \/>\n<meta name=\"twitter:card\" content=\"summary_large_image\" \/>\n<meta name=\"twitter:label1\" content=\"Est. reading time\" \/>\n\t<meta name=\"twitter:data1\" content=\"3 minutes\" \/>\n<script type=\"application\/ld+json\" class=\"yoast-schema-graph\">{\"@context\":\"https:\\\/\\\/schema.org\",\"@graph\":[{\"@type\":\"WebPage\",\"@id\":\"https:\\\/\\\/www.hotelouigo.com\\\/en\\\/restaurants\\\/\",\"url\":\"https:\\\/\\\/www.hotelouigo.com\\\/en\\\/restaurants\\\/\",\"name\":\"Restaurants | H\u00f4tel Oui GO! URBAIN. CHIC. D\u00c9CONTRACT\u00c9.\",\"isPartOf\":{\"@id\":\"https:\\\/\\\/www.hotelouigo.com\\\/en\\\/#website\"},\"primaryImageOfPage\":{\"@id\":\"https:\\\/\\\/www.hotelouigo.com\\\/en\\\/restaurants\\\/#primaryimage\"},\"image\":{\"@id\":\"https:\\\/\\\/www.hotelouigo.com\\\/en\\\/restaurants\\\/#primaryimage\"},\"thumbnailUrl\":\"https:\\\/\\\/www.hotelouigo.com\\\/wp-content\\\/uploads\\\/2026\\\/04\\\/unnamed-scaled.jpg\",\"datePublished\":\"2024-04-26T18:31:13+00:00\",\"dateModified\":\"2025-02-11T14:24:14+00:00\",\"description\":\"Check out this page to discover our favorite restaurants (lunch and dinner) located in downtown Trois-Rivi\u00e8res.\",\"breadcrumb\":{\"@id\":\"https:\\\/\\\/www.hotelouigo.com\\\/en\\\/restaurants\\\/#breadcrumb\"},\"inLanguage\":\"en-US\",\"potentialAction\":[{\"@type\":\"ReadAction\",\"target\":[\"https:\\\/\\\/www.hotelouigo.com\\\/en\\\/restaurants\\\/\"]}]},{\"@type\":\"ImageObject\",\"inLanguage\":\"en-US\",\"@id\":\"https:\\\/\\\/www.hotelouigo.com\\\/en\\\/restaurants\\\/#primaryimage\",\"url\":\"https:\\\/\\\/www.hotelouigo.com\\\/wp-content\\\/uploads\\\/2026\\\/04\\\/unnamed-scaled.jpg\",\"contentUrl\":\"https:\\\/\\\/www.hotelouigo.com\\\/wp-content\\\/uploads\\\/2026\\\/04\\\/unnamed-scaled.jpg\",\"width\":1920,\"height\":2560},{\"@type\":\"BreadcrumbList\",\"@id\":\"https:\\\/\\\/www.hotelouigo.com\\\/en\\\/restaurants\\\/#breadcrumb\",\"itemListElement\":[{\"@type\":\"ListItem\",\"position\":1,\"name\":\"Accueil\",\"item\":\"https:\\\/\\\/www.hotelouigo.com\\\/en\\\/\"},{\"@type\":\"ListItem\",\"position\":2,\"name\":\"Restaurants\"}]},{\"@type\":\"WebSite\",\"@id\":\"https:\\\/\\\/www.hotelouigo.com\\\/en\\\/#website\",\"url\":\"https:\\\/\\\/www.hotelouigo.com\\\/en\\\/\",\"name\":\"H\u00f4tel Oui GO!\",\"description\":\"URBAIN. CHIC. D\u00c9CONTRACT\u00c9.\",\"publisher\":{\"@id\":\"https:\\\/\\\/www.hotelouigo.com\\\/en\\\/#organization\"},\"alternateName\":\"H\u00f4tel Oui GO!\",\"potentialAction\":[{\"@type\":\"SearchAction\",\"target\":{\"@type\":\"EntryPoint\",\"urlTemplate\":\"https:\\\/\\\/www.hotelouigo.com\\\/en\\\/?s={search_term_string}\"},\"query-input\":{\"@type\":\"PropertyValueSpecification\",\"valueRequired\":true,\"valueName\":\"search_term_string\"}}],\"inLanguage\":\"en-US\"},{\"@type\":\"Organization\",\"@id\":\"https:\\\/\\\/www.hotelouigo.com\\\/en\\\/#organization\",\"name\":\"H\u00f4tel Oui GO!\",\"url\":\"https:\\\/\\\/www.hotelouigo.com\\\/en\\\/\",\"logo\":{\"@type\":\"ImageObject\",\"inLanguage\":\"en-US\",\"@id\":\"https:\\\/\\\/www.hotelouigo.com\\\/en\\\/#\\\/schema\\\/logo\\\/image\\\/\",\"url\":\"https:\\\/\\\/www.hotelouigo.com\\\/wp-content\\\/uploads\\\/2024\\\/04\\\/OuiGo_logo_Noirgris-4_1603220426.png\",\"contentUrl\":\"https:\\\/\\\/www.hotelouigo.com\\\/wp-content\\\/uploads\\\/2024\\\/04\\\/OuiGo_logo_Noirgris-4_1603220426.png\",\"width\":1335,\"height\":1451,\"caption\":\"H\u00f4tel Oui GO!\"},\"image\":{\"@id\":\"https:\\\/\\\/www.hotelouigo.com\\\/en\\\/#\\\/schema\\\/logo\\\/image\\\/\"},\"sameAs\":[\"https:\\\/\\\/www.facebook.com\\\/hotelouigo\",\"https:\\\/\\\/www.instagram.com\\\/hotelouigo\\\/\",\"https:\\\/\\\/www.youtube.com\\\/@hotelouigo4898\"]}]}<\/script>\n<!-- \/ Yoast SEO plugin. -->","yoast_head_json":{"title":"Restaurants | H\u00f4tel Oui GO! URBAIN. CHIC. D\u00c9CONTRACT\u00c9.","description":"Check out this page to discover our favorite restaurants (lunch and dinner) located in downtown Trois-Rivi\u00e8res.","robots":{"index":"index","follow":"follow","max-snippet":"max-snippet:-1","max-image-preview":"max-image-preview:large","max-video-preview":"max-video-preview:-1"},"canonical":"https:\/\/www.hotelouigo.com\/en\/restaurants\/","og_locale":"en_US","og_type":"article","og_title":"Restaurants | H\u00f4tel Oui GO! URBAIN. CHIC. D\u00c9CONTRACT\u00c9.","og_description":"Check out this page to discover our favorite restaurants (lunch and dinner) located in downtown Trois-Rivi\u00e8res.","og_url":"https:\/\/www.hotelouigo.com\/en\/restaurants\/","og_site_name":"H\u00f4tel Oui GO!","article_publisher":"https:\/\/www.facebook.com\/hotelouigo","article_modified_time":"2025-02-11T14:24:14+00:00","twitter_card":"summary_large_image","twitter_misc":{"Est. reading time":"3 minutes"},"schema":{"@context":"https:\/\/schema.org","@graph":[{"@type":"WebPage","@id":"https:\/\/www.hotelouigo.com\/en\/restaurants\/","url":"https:\/\/www.hotelouigo.com\/en\/restaurants\/","name":"Restaurants | H\u00f4tel Oui GO! URBAIN. CHIC. D\u00c9CONTRACT\u00c9.","isPartOf":{"@id":"https:\/\/www.hotelouigo.com\/en\/#website"},"primaryImageOfPage":{"@id":"https:\/\/www.hotelouigo.com\/en\/restaurants\/#primaryimage"},"image":{"@id":"https:\/\/www.hotelouigo.com\/en\/restaurants\/#primaryimage"},"thumbnailUrl":"https:\/\/www.hotelouigo.com\/dist\/uploads\/2026\/04\/unnamed-scaled.jpg","datePublished":"2024-04-26T18:31:13+00:00","dateModified":"2025-02-11T14:24:14+00:00","description":"Check out this page to discover our favorite restaurants (lunch and dinner) located in downtown Trois-Rivi\u00e8res.","breadcrumb":{"@id":"https:\/\/www.hotelouigo.com\/en\/restaurants\/#breadcrumb"},"inLanguage":"en-US","potentialAction":[{"@type":"ReadAction","target":["https:\/\/www.hotelouigo.com\/en\/restaurants\/"]}]},{"@type":"ImageObject","inLanguage":"en-US","@id":"https:\/\/www.hotelouigo.com\/en\/restaurants\/#primaryimage","url":"https:\/\/www.hotelouigo.com\/dist\/uploads\/2026\/04\/unnamed-scaled.jpg","contentUrl":"https:\/\/www.hotelouigo.com\/dist\/uploads\/2026\/04\/unnamed-scaled.jpg","width":1920,"height":2560},{"@type":"BreadcrumbList","@id":"https:\/\/www.hotelouigo.com\/en\/restaurants\/#breadcrumb","itemListElement":[{"@type":"ListItem","position":1,"name":"Accueil","item":"https:\/\/www.hotelouigo.com\/en\/"},{"@type":"ListItem","position":2,"name":"Restaurants"}]},{"@type":"WebSite","@id":"https:\/\/www.hotelouigo.com\/en\/#website","url":"https:\/\/www.hotelouigo.com\/en\/","name":"H\u00f4tel Oui GO!","description":"URBAIN. CHIC. D\u00c9CONTRACT\u00c9.","publisher":{"@id":"https:\/\/www.hotelouigo.com\/en\/#organization"},"alternateName":"H\u00f4tel Oui GO!","potentialAction":[{"@type":"SearchAction","target":{"@type":"EntryPoint","urlTemplate":"https:\/\/www.hotelouigo.com\/en\/?s={search_term_string}"},"query-input":{"@type":"PropertyValueSpecification","valueRequired":true,"valueName":"search_term_string"}}],"inLanguage":"en-US"},{"@type":"Organization","@id":"https:\/\/www.hotelouigo.com\/en\/#organization","name":"H\u00f4tel Oui GO!","url":"https:\/\/www.hotelouigo.com\/en\/","logo":{"@type":"ImageObject","inLanguage":"en-US","@id":"https:\/\/www.hotelouigo.com\/en\/#\/schema\/logo\/image\/","url":"https:\/\/www.hotelouigo.com\/dist\/uploads\/2024\/04\/OuiGo_logo_Noirgris-4_1603220426.png","contentUrl":"https:\/\/www.hotelouigo.com\/dist\/uploads\/2024\/04\/OuiGo_logo_Noirgris-4_1603220426.png","width":1335,"height":1451,"caption":"H\u00f4tel Oui GO!"},"image":{"@id":"https:\/\/www.hotelouigo.com\/en\/#\/schema\/logo\/image\/"},"sameAs":["https:\/\/www.facebook.com\/hotelouigo","https:\/\/www.instagram.com\/hotelouigo\/","https:\/\/www.youtube.com\/@hotelouigo4898"]}]}},"publishpress_future_workflow_manual_trigger":{"enabledWorkflows":[]},"_links":{"self":[{"href":"https:\/\/www.hotelouigo.com\/en\/wp-json\/wp\/v2\/pages\/1188","targetHints":{"allow":["GET"]}}],"collection":[{"href":"https:\/\/www.hotelouigo.com\/en\/wp-json\/wp\/v2\/pages"}],"about":[{"href":"https:\/\/www.hotelouigo.com\/en\/wp-json\/wp\/v2\/types\/page"}],"author":[{"embeddable":true,"href":"https:\/\/www.hotelouigo.com\/en\/wp-json\/wp\/v2\/users\/1"}],"replies":[{"embeddable":true,"href":"https:\/\/www.hotelouigo.com\/en\/wp-json\/wp\/v2\/comments?post=1188"}],"version-history":[{"count":0,"href":"https:\/\/www.hotelouigo.com\/en\/wp-json\/wp\/v2\/pages\/1188\/revisions"}],"wp:featuredmedia":[{"embeddable":true,"href":"https:\/\/www.hotelouigo.com\/en\/wp-json\/wp\/v2\/media\/2639"}],"wp:attachment":[{"href":"https:\/\/www.hotelouigo.com\/en\/wp-json\/wp\/v2\/media?parent=1188"}],"curies":[{"name":"wp","href":"https:\/\/api.w.org\/{rel}","templated":true}]}}