{"id":1191,"date":"2024-04-26T14:29:46","date_gmt":"2024-04-26T18:29:46","guid":{"rendered":"https:\/\/www.hotelouigo.com\/salles\/"},"modified":"2026-04-17T15:45:36","modified_gmt":"2026-04-17T19:45:36","slug":"salles","status":"publish","type":"page","link":"https:\/\/www.hotelouigo.com\/en\/salles\/","title":{"rendered":"Salle"},"content":{"rendered":"<section class=\"l-section wpb_row hero-section height_medium color_alternate with_img\"><div class=\"l-section-img\" role=\"img\" aria-label=\"Image\" data-img-width=\"1620\" data-img-height=\"1080\" style=\"background-image: url(https:\/\/www.hotelouigo.com\/dist\/uploads\/2024\/04\/415256994_857361779731957_739086788293804747_n_r.png);background-repeat: no-repeat;\"><\/div><div class=\"l-section-overlay\" style=\"background:var(--color-alt-content-faded)\"><\/div><div class=\"l-section-h i-cf\"><div class=\"g-cols vc_row via_grid cols_1 laptops-cols_inherit tablets-cols_inherit mobiles-cols_1 valign_middle type_default stacking_default\"><div class=\"wpb_column vc_column_container\"><div class=\"vc_column-inner\"><div class=\"wpb_text_column us_custom_4c822b39 us_animate_this\"><div class=\"wpb_wrapper\"><h1 style=\"text-align: center;\">NOTRE SALLE<\/h1>\n<h1 style=\"text-align: center;\">DE R\u00c9UNION<\/h1>\n<\/div><\/div><\/div><\/div><\/div><\/div><\/section><section class=\"l-section wpb_row grille-noire-2-col-row height_medium color_alternate\"><div class=\"l-section-h i-cf\"><div class=\"g-cols vc_row via_grid cols_1 laptops-cols_inherit tablets-cols_inherit mobiles-cols_1 valign_top type_default stacking_default\"><div class=\"wpb_column vc_column_container us_custom_eb849559 grille-noire-2-col-inner-col\"><div class=\"vc_column-inner\"><div class=\"w-grid us_grid grid-salles-chambres type_grid layout_252 cols_2 preload_style_spinner with_css_animation\" id=\"us_grid_1\" style=\"--columns:2;--gap:1.5rem;\" data-filterable=\"true\"><style>@media (max-width:1380px){#us_grid_1{--columns:1!important}}@media (max-width:1024px){#us_grid_1{--columns:1!important}}@media (max-width:600px){#us_grid_1{--columns:1!important}}.layout_252 .w-grid-item-h{}.layout_252 .usg_post_image_1{margin-bottom:2rem!important}.layout_252 .usg_post_title_1{margin-bottom:1rem!important}.layout_252 .usg_post_custom_field_1{font-family:var(--h1-font-family)!important;text-transform:uppercase!important;margin-bottom:2rem!important}<\/style><div class=\"w-grid-list\">\t<article class=\"w-grid-item us_animate_afb size_1x1 post-1221 nos_salles type-nos_salles status-publish has-post-thumbnail hentry\" data-id=\"1221\" style=\"animation-delay:0s\">\r\n\t\t<div class=\"w-grid-item-h\">\r\n\t\t\t\t\t\t<div class=\"w-post-elm post_image usg_post_image_1 has_ratio\"><a href=\"https:\/\/www.hotelouigo.com\/en\/our_conference_rooms\/multipurpose-office\/\" aria-label=\"Multi&shy;purpose Office\"><img decoding=\"async\" width=\"970\" height=\"580\" src=\"https:\/\/www.hotelouigo.com\/dist\/uploads\/2024\/04\/download-8_r.png\" class=\"attachment-large size-large wp-post-image\" alt=\"\" \/><\/a><div style=\"padding-bottom:75%\"><\/div><\/div><h3 class=\"w-post-elm post_title usg_post_title_1 entry-title color_link_inherit\"><a href=\"https:\/\/www.hotelouigo.com\/en\/our_conference_rooms\/multipurpose-office\/\">Multi&shy;purpose Office<\/a><\/h3><p class=\"w-post-elm post_custom_field usg_post_custom_field_1 style-h4 type_text sous-titre_chambre_ou_salle color_link_inherit\"><span class=\"w-post-elm-value\">For your event and business needs.<\/span><\/p><a class=\"w-btn us-btn-style_1 usg_btn_1\" href=\"https:\/\/www.hotelouigo.com\/en\/our_conference_rooms\/multipurpose-office\/\"><span class=\"w-btn-label\">VIEW THE ROOM<\/span><\/a>\t\t<\/div>\r\n\t\t\t<\/article>\r\n\t<article class=\"w-grid-item us_animate_afb size_1x1 post-1224 nos_salles type-nos_salles status-publish has-post-thumbnail hentry\" data-id=\"1224\" style=\"animation-delay:0.1s\">\r\n\t\t<div class=\"w-grid-item-h\">\r\n\t\t\t\t\t\t<div class=\"w-post-elm post_image usg_post_image_1 has_ratio\"><a href=\"https:\/\/www.hotelouigo.com\/en\/our_conference_rooms\/meeting-room\/\" aria-label=\"Meeting room\"><img decoding=\"async\" width=\"970\" height=\"580\" src=\"https:\/\/www.hotelouigo.com\/dist\/uploads\/2024\/04\/eqx7043.jpg\" class=\"attachment-large size-large wp-post-image\" alt=\"\" \/><\/a><div style=\"padding-bottom:75%\"><\/div><\/div><h3 class=\"w-post-elm post_title usg_post_title_1 entry-title color_link_inherit\"><a href=\"https:\/\/www.hotelouigo.com\/en\/our_conference_rooms\/meeting-room\/\">Meeting room<\/a><\/h3><p class=\"w-post-elm post_custom_field usg_post_custom_field_1 style-h4 type_text sous-titre_chambre_ou_salle color_link_inherit\"><span class=\"w-post-elm-value\">For your event and business needs.<\/span><\/p><a class=\"w-btn us-btn-style_1 usg_btn_1\" href=\"https:\/\/www.hotelouigo.com\/en\/our_conference_rooms\/meeting-room\/\"><span class=\"w-btn-label\">VIEW THE ROOM<\/span><\/a>\t\t<\/div>\r\n\t\t\t<\/article>\r\n<\/div>\t<div class=\"w-grid-preloader\">\r\n\t\t<div class=\"g-preloader type_1\">\r\n\t\t\t<div><\/div>\r\n\t\t<\/div>\r\n\t<\/div>\r\n\t\t<div class=\"w-grid-json hidden\" onclick='return {&quot;action&quot;:&quot;us_ajax_grid&quot;,&quot;infinite_scroll&quot;:0,&quot;max_num_pages&quot;:1,&quot;pagination&quot;:&quot;none&quot;,&quot;template_vars&quot;:{&quot;columns&quot;:&quot;2&quot;,&quot;exclude_items&quot;:&quot;none&quot;,&quot;img_size&quot;:&quot;default&quot;,&quot;ignore_items_size&quot;:0,&quot;items_layout&quot;:&quot;252&quot;,&quot;items_offset&quot;:&quot;1&quot;,&quot;load_animation&quot;:&quot;afb&quot;,&quot;overriding_link&quot;:&quot;%7B%22url%22%3A%22%22%7D&quot;,&quot;post_id&quot;:0,&quot;query_args&quot;:{&quot;post_type&quot;:[&quot;nos_salles&quot;],&quot;post_status&quot;:[&quot;publish&quot;,&quot;acf-disabled&quot;],&quot;posts_per_page&quot;:&quot;50&quot;},&quot;orderby_query_args&quot;:{&quot;orderby&quot;:{&quot;date&quot;:&quot;DESC&quot;}},&quot;type&quot;:&quot;grid&quot;,&quot;us_grid_post_type&quot;:&quot;nos_salles&quot;,&quot;us_grid_ajax_index&quot;:1,&quot;us_grid_filter_query_string&quot;:null,&quot;us_grid_index&quot;:1,&quot;page_args&quot;:[],&quot;lang&quot;:&quot;en&quot;}}'><\/div>\r\n\t<\/div><\/div><\/div><\/div><\/div><\/section><section class=\"l-section wpb_row sur-notre-blogue-row height_medium\"><div class=\"l-section-h i-cf\"><div class=\"g-cols vc_row via_grid cols_1 laptops-cols_inherit tablets-cols_inherit mobiles-cols_1 valign_top type_default stacking_default\"><div class=\"wpb_column vc_column_container sur-notre-blogue-inner-row\"><div class=\"vc_column-inner\"><div class=\"wpb_text_column us_custom_492179a4\"><div class=\"wpb_wrapper\"><h2 style=\"text-align: center;\">NOTRE BLOGUE<\/h2>\n<\/div><\/div><div class=\"w-separator size_huge\"><\/div><div class=\"w-grid us_grid grid-auto-fill type_grid layout_163 cols_3 preload_style_spinner with_css_animation\" id=\"us_grid_2\" style=\"--columns:3;--gap:1.5rem;\" data-filterable=\"true\"><style>@media (max-width:1380px){#us_grid_2{--columns:1!important}}@media (max-width:1024px){#us_grid_2{--columns:1!important}}@media (max-width:600px){#us_grid_2{--columns:1!important}}.layout_163 .w-grid-item-h{}.layout_163 .usg_post_date_1{font-weight:600!important;margin-bottom:1rem!important}.layout_163 .usg_post_title_1{margin-bottom:1rem!important}.layout_163 .usg_vwrapper_1{padding:1.5rem 2rem 2rem 2rem!important}.layout_163 .usg_vwrapper_2{background:var(--color-alt-content-secondary)!important}<\/style><div class=\"w-grid-list\">\t<article class=\"w-grid-item us_animate_afb size_1x1 post-2214 post type-post status-publish format-standard has-post-thumbnail hentry category-non-classifiee\" data-id=\"2214\" style=\"animation-delay:0s\">\r\n\t\t<div class=\"w-grid-item-h\">\r\n\t\t\t\t\t\t<div class=\"w-vwrapper usg_vwrapper_2 align_none valign_top\" style=\"--vwrapper-gap:0rem\"><div class=\"w-post-elm post_image usg_post_image_1 has_ratio\"><a href=\"https:\/\/www.hotelouigo.com\/en\/on-parle-de-nous\/\" aria-label=\"On parle de nous !\"><img decoding=\"async\" width=\"1024\" height=\"683\" src=\"https:\/\/www.hotelouigo.com\/dist\/uploads\/2025\/11\/BP_8537-1024x683.jpg\" class=\"attachment-large size-large wp-post-image\" alt=\"\" \/><\/a><div style=\"padding-bottom:75%\"><\/div><\/div><div class=\"w-vwrapper usg_vwrapper_1 align_none valign_top\" style=\"--vwrapper-gap:0rem\"><time class=\"w-post-elm post_date usg_post_date_1 entry-date published\" datetime=\"2025-11-10T12:47:16-05:00\">Monday, November 10<\/time><h3 class=\"w-post-elm post_title usg_post_title_1 style-h4 entry-title color_link_inherit\"><a href=\"https:\/\/www.hotelouigo.com\/en\/on-parle-de-nous\/\">On parle de nous !<\/a><\/h3><div class=\"w-post-elm post_content usg_post_content_1\">6 novembre 2025, Tr\u00e8s Trois-rivi\u00e8res parle de nous : Nous sommes fiers d\u2019annoncer qu\u2019on parle de nous aux c\u00f4t\u00e9s de nos pr\u00e9cieux partenaires et voisins du centre-ville de Trois-Rivi\u00e8res !&hellip;<\/div><\/div><\/div>\t\t<\/div>\r\n\t\t\t<\/article>\r\n\t<article class=\"w-grid-item us_animate_afb size_1x1 post-2117 post type-post status-publish format-standard has-post-thumbnail hentry category-non-classifiee\" data-id=\"2117\" style=\"animation-delay:0.1s\">\r\n\t\t<div class=\"w-grid-item-h\">\r\n\t\t\t\t\t\t<div class=\"w-vwrapper usg_vwrapper_2 align_none valign_top\" style=\"--vwrapper-gap:0rem\"><div class=\"w-post-elm post_image usg_post_image_1 has_ratio\"><a href=\"https:\/\/www.hotelouigo.com\/en\/les-10-coups-de-coeur-dautomne-a-trois-rivieres-de-christine-beaulieu\/\" aria-label=\"Les 10 coups de c\u0153ur d\u2019automne \u00e0 Trois-Rivi\u00e8res de Christine Beaulieu\"><img decoding=\"async\" width=\"1024\" height=\"551\" src=\"https:\/\/www.hotelouigo.com\/dist\/uploads\/2025\/09\/oui-go-option-2-1024x551.jpg\" class=\"attachment-large size-large wp-post-image\" alt=\"\" \/><\/a><div style=\"padding-bottom:75%\"><\/div><\/div><div class=\"w-vwrapper usg_vwrapper_1 align_none valign_top\" style=\"--vwrapper-gap:0rem\"><time class=\"w-post-elm post_date usg_post_date_1 entry-date published\" datetime=\"2025-09-23T10:37:22-04:00\">Tuesday, September 23<\/time><h3 class=\"w-post-elm post_title usg_post_title_1 style-h4 entry-title color_link_inherit\"><a href=\"https:\/\/www.hotelouigo.com\/en\/les-10-coups-de-coeur-dautomne-a-trois-rivieres-de-christine-beaulieu\/\">Les 10 coups de c\u0153ur d\u2019automne \u00e0 Trois-Rivi\u00e8res de Christine Beaulieu<\/a><\/h3><div class=\"w-post-elm post_content usg_post_content_1\">Merci Christine Beaulieu et Tourisme Trois-Rivi\u00e8res Quelle belle surprise de retrouver l\u2019H\u00f4tel Oui GO! dans les coups de c\u0153ur d\u2019automne de Christine Beaulieu, actrice, autrice et ambassadrice de Trois-Rivi\u00e8res. Dans&hellip;<\/div><\/div><\/div>\t\t<\/div>\r\n\t\t\t<\/article>\r\n\t<article class=\"w-grid-item us_animate_afb size_1x1 post-1942 post type-post status-publish format-standard has-post-thumbnail hentry category-non-classifiee\" data-id=\"1942\" style=\"animation-delay:0.2s\">\r\n\t\t<div class=\"w-grid-item-h\">\r\n\t\t\t\t\t\t<div class=\"w-vwrapper usg_vwrapper_2 align_none valign_top\" style=\"--vwrapper-gap:0rem\"><div class=\"w-post-elm post_image usg_post_image_1 has_ratio\"><a href=\"https:\/\/www.hotelouigo.com\/en\/biectr-2025-trois-rivieres\/\" aria-label=\"La BIECTR 2025 : Trois-Rivi\u00e8res accueille le monde de l\u2019estampe\u2026 avec son Pr\u00e9sident d\u2019honneur !\"><img decoding=\"async\" width=\"1024\" height=\"484\" src=\"https:\/\/www.hotelouigo.com\/dist\/uploads\/2025\/05\/BIECTR-1024x484.png\" class=\"attachment-large size-large wp-post-image\" alt=\"\" \/><\/a><div style=\"padding-bottom:75%\"><\/div><\/div><div class=\"w-vwrapper usg_vwrapper_1 align_none valign_top\" style=\"--vwrapper-gap:0rem\"><time class=\"w-post-elm post_date usg_post_date_1 entry-date published\" datetime=\"2025-05-29T14:16:02-04:00\">Thursday, May 29<\/time><h3 class=\"w-post-elm post_title usg_post_title_1 style-h4 entry-title color_link_inherit\"><a href=\"https:\/\/www.hotelouigo.com\/en\/biectr-2025-trois-rivieres\/\">La BIECTR 2025 : Trois-Rivi\u00e8res accueille le monde de l\u2019estampe\u2026 avec son Pr\u00e9sident d\u2019honneur !<\/a><\/h3><div class=\"w-post-elm post_content usg_post_content_1\">Gilles Babin, propri\u00e9taire de l\u2019H\u00f4tel Oui GO!, comme pr\u00e9sident d\u2019honneur pour cette 14\u00e8me \u00e9dition! Du 17 juin au 10 septembre 2025, Trois-Rivi\u00e8res devient le th\u00e9\u00e2tre d\u2019un rendez-vous artistique d\u2019envergure internationale&hellip;<\/div><\/div><\/div>\t\t<\/div>\r\n\t\t\t<\/article>\r\n<\/div>\t<div class=\"w-grid-preloader\">\r\n\t\t<div class=\"g-preloader type_1\">\r\n\t\t\t<div><\/div>\r\n\t\t<\/div>\r\n\t<\/div>\r\n\t\t<div class=\"w-grid-json hidden\" onclick='return {&quot;action&quot;:&quot;us_ajax_grid&quot;,&quot;infinite_scroll&quot;:0,&quot;max_num_pages&quot;:12,&quot;pagination&quot;:&quot;none&quot;,&quot;template_vars&quot;:{&quot;columns&quot;:&quot;3&quot;,&quot;exclude_items&quot;:&quot;none&quot;,&quot;img_size&quot;:&quot;default&quot;,&quot;ignore_items_size&quot;:0,&quot;items_layout&quot;:&quot;163&quot;,&quot;items_offset&quot;:&quot;1&quot;,&quot;load_animation&quot;:&quot;afb&quot;,&quot;overriding_link&quot;:&quot;%7B%22url%22%3A%22%22%7D&quot;,&quot;post_id&quot;:0,&quot;query_args&quot;:{&quot;post_type&quot;:[&quot;post&quot;],&quot;post_status&quot;:[&quot;publish&quot;,&quot;acf-disabled&quot;],&quot;posts_per_page&quot;:&quot;3&quot;},&quot;orderby_query_args&quot;:{&quot;orderby&quot;:{&quot;date&quot;:&quot;DESC&quot;}},&quot;type&quot;:&quot;grid&quot;,&quot;us_grid_post_type&quot;:&quot;post&quot;,&quot;us_grid_ajax_index&quot;:2,&quot;us_grid_filter_query_string&quot;:null,&quot;us_grid_index&quot;:2,&quot;page_args&quot;:[],&quot;lang&quot;:&quot;en&quot;}}'><\/div>\r\n\t<\/div><div class=\"w-separator size_huge\"><\/div><div class=\"w-btn-wrapper align_center\"><a class=\"w-btn us-btn-style_2\" href=\"https:\/\/www.hotelouigo.com\/blogue\/\"><span class=\"w-btn-label\">VOIR TOUS LES ARTICLES<\/span><\/a><\/div><\/div><\/div><\/div><\/div><\/section>\n","protected":false},"excerpt":{"rendered":"Gilles Babin, propri\u00e9taire de l\u2019H\u00f4tel Oui GO!, comme pr\u00e9sident d\u2019honneur pour cette 14\u00e8me \u00e9dition! Du 17 juin au 10 septembre 2025, Trois-Rivi\u00e8res devient le th\u00e9\u00e2tre d\u2019un rendez-vous artistique d\u2019envergure internationale : la 14\u1d49 Biennale internationale d\u2019estampe contemporaine de Trois-Rivi\u00e8res (BIECTR). Ce grand \u00e9v\u00e9nement r\u00e9unit 47 artistes issus de 17 pays et pr\u00e8s de 200 \u0153uvres...","protected":false},"author":1,"featured_media":0,"parent":0,"menu_order":0,"comment_status":"closed","ping_status":"closed","template":"","meta":{"_acf_changed":false,"footnotes":""},"class_list":["post-1191","page","type-page","status-publish","hentry"],"acf":[],"yoast_head":"<!-- This site is optimized with the Yoast SEO plugin v27.4 - https:\/\/yoast.com\/product\/yoast-seo-wordpress\/ -->\n<title>Salle | H\u00f4tel Oui GO! URBAIN. CHIC. D\u00c9CONTRACT\u00c9.<\/title>\n<meta name=\"description\" content=\"Consultez les d\u00e9tails de nos deux salles pouvant accueillir la client\u00e8le d\u2019affaires (salle multifonction et salle de r\u00e9union).\" \/>\n<meta name=\"robots\" content=\"index, follow, max-snippet:-1, max-image-preview:large, max-video-preview:-1\" \/>\n<link rel=\"canonical\" href=\"https:\/\/www.hotelouigo.com\/en\/salles\/\" \/>\n<meta property=\"og:locale\" content=\"en_US\" \/>\n<meta property=\"og:type\" content=\"article\" \/>\n<meta property=\"og:title\" content=\"Salle | H\u00f4tel Oui GO! URBAIN. CHIC. D\u00c9CONTRACT\u00c9.\" \/>\n<meta property=\"og:description\" content=\"Consultez les d\u00e9tails de nos deux salles pouvant accueillir la client\u00e8le d\u2019affaires (salle multifonction et salle de r\u00e9union).\" \/>\n<meta property=\"og:url\" content=\"https:\/\/www.hotelouigo.com\/en\/salles\/\" \/>\n<meta property=\"og:site_name\" content=\"H\u00f4tel Oui GO!\" \/>\n<meta property=\"article:publisher\" content=\"https:\/\/www.facebook.com\/hotelouigo\" \/>\n<meta property=\"article:modified_time\" content=\"2026-04-17T19:45:36+00:00\" \/>\n<meta name=\"twitter:card\" content=\"summary_large_image\" \/>\n<meta name=\"twitter:label1\" content=\"Est. reading time\" \/>\n\t<meta name=\"twitter:data1\" content=\"1 minute\" \/>\n<script type=\"application\/ld+json\" class=\"yoast-schema-graph\">{\"@context\":\"https:\\\/\\\/schema.org\",\"@graph\":[{\"@type\":\"WebPage\",\"@id\":\"https:\\\/\\\/www.hotelouigo.com\\\/en\\\/salles\\\/\",\"url\":\"https:\\\/\\\/www.hotelouigo.com\\\/en\\\/salles\\\/\",\"name\":\"Salle | H\u00f4tel Oui GO! URBAIN. CHIC. D\u00c9CONTRACT\u00c9.\",\"isPartOf\":{\"@id\":\"https:\\\/\\\/www.hotelouigo.com\\\/en\\\/#website\"},\"datePublished\":\"2024-04-26T18:29:46+00:00\",\"dateModified\":\"2026-04-17T19:45:36+00:00\",\"description\":\"Consultez les d\u00e9tails de nos deux salles pouvant accueillir la client\u00e8le d\u2019affaires (salle multifonction et salle de r\u00e9union).\",\"breadcrumb\":{\"@id\":\"https:\\\/\\\/www.hotelouigo.com\\\/en\\\/salles\\\/#breadcrumb\"},\"inLanguage\":\"en-US\",\"potentialAction\":[{\"@type\":\"ReadAction\",\"target\":[\"https:\\\/\\\/www.hotelouigo.com\\\/en\\\/salles\\\/\"]}]},{\"@type\":\"BreadcrumbList\",\"@id\":\"https:\\\/\\\/www.hotelouigo.com\\\/en\\\/salles\\\/#breadcrumb\",\"itemListElement\":[{\"@type\":\"ListItem\",\"position\":1,\"name\":\"Accueil\",\"item\":\"https:\\\/\\\/www.hotelouigo.com\\\/en\\\/\"},{\"@type\":\"ListItem\",\"position\":2,\"name\":\"Salle\"}]},{\"@type\":\"WebSite\",\"@id\":\"https:\\\/\\\/www.hotelouigo.com\\\/en\\\/#website\",\"url\":\"https:\\\/\\\/www.hotelouigo.com\\\/en\\\/\",\"name\":\"H\u00f4tel Oui GO!\",\"description\":\"URBAIN. CHIC. D\u00c9CONTRACT\u00c9.\",\"publisher\":{\"@id\":\"https:\\\/\\\/www.hotelouigo.com\\\/en\\\/#organization\"},\"alternateName\":\"H\u00f4tel Oui GO!\",\"potentialAction\":[{\"@type\":\"SearchAction\",\"target\":{\"@type\":\"EntryPoint\",\"urlTemplate\":\"https:\\\/\\\/www.hotelouigo.com\\\/en\\\/?s={search_term_string}\"},\"query-input\":{\"@type\":\"PropertyValueSpecification\",\"valueRequired\":true,\"valueName\":\"search_term_string\"}}],\"inLanguage\":\"en-US\"},{\"@type\":\"Organization\",\"@id\":\"https:\\\/\\\/www.hotelouigo.com\\\/en\\\/#organization\",\"name\":\"H\u00f4tel Oui GO!\",\"url\":\"https:\\\/\\\/www.hotelouigo.com\\\/en\\\/\",\"logo\":{\"@type\":\"ImageObject\",\"inLanguage\":\"en-US\",\"@id\":\"https:\\\/\\\/www.hotelouigo.com\\\/en\\\/#\\\/schema\\\/logo\\\/image\\\/\",\"url\":\"https:\\\/\\\/www.hotelouigo.com\\\/wp-content\\\/uploads\\\/2024\\\/04\\\/OuiGo_logo_Noirgris-4_1603220426.png\",\"contentUrl\":\"https:\\\/\\\/www.hotelouigo.com\\\/wp-content\\\/uploads\\\/2024\\\/04\\\/OuiGo_logo_Noirgris-4_1603220426.png\",\"width\":1335,\"height\":1451,\"caption\":\"H\u00f4tel Oui GO!\"},\"image\":{\"@id\":\"https:\\\/\\\/www.hotelouigo.com\\\/en\\\/#\\\/schema\\\/logo\\\/image\\\/\"},\"sameAs\":[\"https:\\\/\\\/www.facebook.com\\\/hotelouigo\",\"https:\\\/\\\/www.instagram.com\\\/hotelouigo\\\/\",\"https:\\\/\\\/www.youtube.com\\\/@hotelouigo4898\"]}]}<\/script>\n<!-- \/ Yoast SEO plugin. -->","yoast_head_json":{"title":"Salle | H\u00f4tel Oui GO! URBAIN. CHIC. D\u00c9CONTRACT\u00c9.","description":"Consultez les d\u00e9tails de nos deux salles pouvant accueillir la client\u00e8le d\u2019affaires (salle multifonction et salle de r\u00e9union).","robots":{"index":"index","follow":"follow","max-snippet":"max-snippet:-1","max-image-preview":"max-image-preview:large","max-video-preview":"max-video-preview:-1"},"canonical":"https:\/\/www.hotelouigo.com\/en\/salles\/","og_locale":"en_US","og_type":"article","og_title":"Salle | H\u00f4tel Oui GO! URBAIN. CHIC. D\u00c9CONTRACT\u00c9.","og_description":"Consultez les d\u00e9tails de nos deux salles pouvant accueillir la client\u00e8le d\u2019affaires (salle multifonction et salle de r\u00e9union).","og_url":"https:\/\/www.hotelouigo.com\/en\/salles\/","og_site_name":"H\u00f4tel Oui GO!","article_publisher":"https:\/\/www.facebook.com\/hotelouigo","article_modified_time":"2026-04-17T19:45:36+00:00","twitter_card":"summary_large_image","twitter_misc":{"Est. reading time":"1 minute"},"schema":{"@context":"https:\/\/schema.org","@graph":[{"@type":"WebPage","@id":"https:\/\/www.hotelouigo.com\/en\/salles\/","url":"https:\/\/www.hotelouigo.com\/en\/salles\/","name":"Salle | H\u00f4tel Oui GO! URBAIN. CHIC. D\u00c9CONTRACT\u00c9.","isPartOf":{"@id":"https:\/\/www.hotelouigo.com\/en\/#website"},"datePublished":"2024-04-26T18:29:46+00:00","dateModified":"2026-04-17T19:45:36+00:00","description":"Consultez les d\u00e9tails de nos deux salles pouvant accueillir la client\u00e8le d\u2019affaires (salle multifonction et salle de r\u00e9union).","breadcrumb":{"@id":"https:\/\/www.hotelouigo.com\/en\/salles\/#breadcrumb"},"inLanguage":"en-US","potentialAction":[{"@type":"ReadAction","target":["https:\/\/www.hotelouigo.com\/en\/salles\/"]}]},{"@type":"BreadcrumbList","@id":"https:\/\/www.hotelouigo.com\/en\/salles\/#breadcrumb","itemListElement":[{"@type":"ListItem","position":1,"name":"Accueil","item":"https:\/\/www.hotelouigo.com\/en\/"},{"@type":"ListItem","position":2,"name":"Salle"}]},{"@type":"WebSite","@id":"https:\/\/www.hotelouigo.com\/en\/#website","url":"https:\/\/www.hotelouigo.com\/en\/","name":"H\u00f4tel Oui GO!","description":"URBAIN. CHIC. D\u00c9CONTRACT\u00c9.","publisher":{"@id":"https:\/\/www.hotelouigo.com\/en\/#organization"},"alternateName":"H\u00f4tel Oui GO!","potentialAction":[{"@type":"SearchAction","target":{"@type":"EntryPoint","urlTemplate":"https:\/\/www.hotelouigo.com\/en\/?s={search_term_string}"},"query-input":{"@type":"PropertyValueSpecification","valueRequired":true,"valueName":"search_term_string"}}],"inLanguage":"en-US"},{"@type":"Organization","@id":"https:\/\/www.hotelouigo.com\/en\/#organization","name":"H\u00f4tel Oui GO!","url":"https:\/\/www.hotelouigo.com\/en\/","logo":{"@type":"ImageObject","inLanguage":"en-US","@id":"https:\/\/www.hotelouigo.com\/en\/#\/schema\/logo\/image\/","url":"https:\/\/www.hotelouigo.com\/dist\/uploads\/2024\/04\/OuiGo_logo_Noirgris-4_1603220426.png","contentUrl":"https:\/\/www.hotelouigo.com\/dist\/uploads\/2024\/04\/OuiGo_logo_Noirgris-4_1603220426.png","width":1335,"height":1451,"caption":"H\u00f4tel Oui GO!"},"image":{"@id":"https:\/\/www.hotelouigo.com\/en\/#\/schema\/logo\/image\/"},"sameAs":["https:\/\/www.facebook.com\/hotelouigo","https:\/\/www.instagram.com\/hotelouigo\/","https:\/\/www.youtube.com\/@hotelouigo4898"]}]}},"publishpress_future_workflow_manual_trigger":{"enabledWorkflows":[]},"_links":{"self":[{"href":"https:\/\/www.hotelouigo.com\/en\/wp-json\/wp\/v2\/pages\/1191","targetHints":{"allow":["GET"]}}],"collection":[{"href":"https:\/\/www.hotelouigo.com\/en\/wp-json\/wp\/v2\/pages"}],"about":[{"href":"https:\/\/www.hotelouigo.com\/en\/wp-json\/wp\/v2\/types\/page"}],"author":[{"embeddable":true,"href":"https:\/\/www.hotelouigo.com\/en\/wp-json\/wp\/v2\/users\/1"}],"replies":[{"embeddable":true,"href":"https:\/\/www.hotelouigo.com\/en\/wp-json\/wp\/v2\/comments?post=1191"}],"version-history":[{"count":5,"href":"https:\/\/www.hotelouigo.com\/en\/wp-json\/wp\/v2\/pages\/1191\/revisions"}],"predecessor-version":[{"id":2654,"href":"https:\/\/www.hotelouigo.com\/en\/wp-json\/wp\/v2\/pages\/1191\/revisions\/2654"}],"wp:attachment":[{"href":"https:\/\/www.hotelouigo.com\/en\/wp-json\/wp\/v2\/media?parent=1191"}],"curies":[{"name":"wp","href":"https:\/\/api.w.org\/{rel}","templated":true}]}}