{"id":1397,"date":"2024-07-16T08:21:45","date_gmt":"2024-07-16T12:21:45","guid":{"rendered":"https:\/\/www.hotelouigo.com\/infolettre\/"},"modified":"2024-09-06T15:17:40","modified_gmt":"2024-09-06T19:17:40","slug":"newsletter","status":"publish","type":"page","link":"https:\/\/www.hotelouigo.com\/en\/newsletter\/","title":{"rendered":"Newsletter"},"content":{"rendered":"<section class=\"l-section wpb_row hero-section height_medium color_alternate with_img\"><div class=\"l-section-img\" role=\"img\" aria-label=\"Photo de l&#039;H\u00f4tel OuiGo vue de soir\" data-img-width=\"1622\" data-img-height=\"1080\" style=\"background-image: url(https:\/\/www.hotelouigo.com\/dist\/uploads\/2024\/04\/267659326_6503684976370840_7615814863414588574_n_r.png);background-repeat: no-repeat;\"><\/div><div class=\"l-section-overlay\" style=\"background:var(--color-alt-content-faded)\"><\/div><div class=\"l-section-h i-cf\"><div class=\"g-cols vc_row via_grid cols_1 laptops-cols_inherit tablets-cols_inherit mobiles-cols_1 valign_middle type_default stacking_default\"><div class=\"wpb_column vc_column_container\"><div class=\"vc_column-inner\"><div class=\"wpb_text_column us_custom_4c822b39 us_animate_this\"><div class=\"wpb_wrapper\"><h1 style=\"text-align: center;\">Newsletter<\/h1>\n<\/div><\/div><\/div><\/div><\/div><\/div><\/section><section class=\"l-section wpb_row row-img-text height_medium\"><div class=\"l-section-h i-cf\"><div class=\"g-cols vc_row via_grid cols_2 laptops-cols_inherit tablets-cols_inherit mobiles-cols_1 valign_top type_default stacking_default\"><div class=\"wpb_column vc_column_container\"><div class=\"vc_column-inner\"><div class=\"wpb_text_column us_custom_492179a4\"><div class=\"wpb_wrapper\"><h2>Sign up to our newsletter!<\/h2>\n<\/div><\/div><div class=\"w-separator size_large\"><\/div><div class=\"wpb_text_column\"><div class=\"wpb_wrapper\"><p>Be the first to discover the Oui GO Hotel. Sign up to our newsletter now for a chance to get exclusive discounts!<\/p>\n<\/div><\/div><\/div><\/div><div class=\"wpb_column vc_column_container\"><div class=\"vc_column-inner\"><div class=\"w-html us_custom_7a989c53 code-infolettre us_animate_this\"><form action=\"https:\/\/app.cyberimpact.com\/optin\" method=\"post\" accept-charset=\"utf-8\">\n    <fieldset>\n        <legend><\/legend>\n                            <div>\n                <label for=\"ci_firstname\">Name :<\/label>\n                <input type=\"text\" id=\"ci_firstname\" name=\"ci_firstname\" maxlength=\"255\" \/>\n            <\/div>\n                            <div>\n                <label for=\"ci_lastname\">Last name :<\/label>\n                <input type=\"text\" id=\"ci_lastname\" name=\"ci_lastname\" maxlength=\"255\" \/>\n            <\/div>\n                                    <div>\n                <label for=\"ci_birthdate\">Date of birth :<\/label>\n                <input type=\"date\" id=\"ci_birthdate\" name=\"ci_birthdate\" maxlength=\"10\" placeholder=\"yyyy-mm-dd\"\/>\n            <\/div>\n                                    <div>\n                <label for=\"ci_country\">Country :<\/label>\n                <select name=\"ci_country\" id=\"ci_country\">\n<option value=\"\" selected=\"selected\">Select<\/option>\n<option value=\"CA\">Canada<\/option>\n<option value=\"US\">United States<\/option>\n<option value=\"AF\">Afghanistan<\/option>\n<option value=\"AX\">\u00c5land Islands<\/option>\n<option value=\"AL\">Albania<\/option>\n<option value=\"DZ\">Algeria<\/option>\n<option value=\"AS\">American Samoa<\/option>\n<option value=\"AD\">Andorra<\/option>\n<option value=\"AO\">Angola<\/option>\n<option value=\"AI\">Anguilla<\/option>\n<option value=\"AQ\">Antarctica<\/option>\n<option value=\"AG\">Antigua And Barbuda<\/option>\n<option value=\"AR\">Argentina<\/option>\n<option value=\"AM\">Armenia<\/option>\n<option value=\"AW\">Aruba<\/option>\n<option value=\"AU\">Australia<\/option>\n<option value=\"AT\">Austria<\/option>\n<option value=\"AZ\">Azerbaijan<\/option>\n<option value=\"BS\">Bahamas<\/option>\n<option value=\"BH\">Bahrain<\/option>\n<option value=\"BD\">Bangladesh<\/option>\n<option value=\"BB\">Barbados<\/option>\n<option value=\"BY\">Belarus<\/option>\n<option value=\"BE\">Belgium<\/option>\n<option value=\"BZ\">Belize<\/option>\n<option value=\"BJ\">Benin<\/option>\n<option value=\"BM\">Bermuda<\/option>\n<option value=\"BT\">Bhutan<\/option>\n<option value=\"BO\">Bolivia<\/option>\n<option value=\"BQ\">Bonaire, Sint Eustatius and Saba<\/option>\n<option value=\"BA\">Bosnia and Herzegovina<\/option>\n<option value=\"BW\">Botswana<\/option>\n<option value=\"BR\">Brazil<\/option>\n<option value=\"IO\">British Indian Ocean Territory<\/option>\n<option value=\"BN\">Brunei Darussalam<\/option>\n<option value=\"BG\">Bulgaria<\/option>\n<option value=\"BF\">Burkina Faso<\/option>\n<option value=\"BI\">Burundi<\/option>\n<option value=\"KH\">Cambodia<\/option>\n<option value=\"CM\">Cameroon<\/option>\n<option value=\"CV\">Cape Verde<\/option>\n<option value=\"KY\">Cayman Islands<\/option>\n<option value=\"CF\">Central African Republic<\/option>\n<option value=\"TD\">Chad<\/option>\n<option value=\"CL\">Chile<\/option>\n<option value=\"CN\">China<\/option>\n<option value=\"CX\">Christmas Island<\/option>\n<option value=\"CC\">Cocos Islands<\/option>\n<option value=\"CO\">Colombia<\/option>\n<option value=\"KM\">Comoros<\/option>\n<option value=\"CK\">Cook Islands<\/option>\n<option value=\"CR\">Costa Rica<\/option>\n<option value=\"CI\">C\u00f4te D'Ivoire<\/option>\n<option value=\"HR\">Croatia<\/option>\n<option value=\"CU\">Cuba<\/option>\n<option value=\"CW\">Cura\u00e7ao<\/option>\n<option value=\"CY\">Cyprus<\/option>\n<option value=\"CZ\">Czech Republic<\/option>\n<option value=\"KP\">Democratic People's Republic of Korea<\/option>\n<option value=\"CD\">Democratic Republic of the Congo<\/option>\n<option value=\"DK\">Denmark<\/option>\n<option value=\"DJ\">Djibouti<\/option>\n<option value=\"DM\">Dominica<\/option>\n<option value=\"DO\">Dominican Republic<\/option>\n<option value=\"EC\">Ecuador<\/option>\n<option value=\"EG\">Egypt<\/option>\n<option value=\"SV\">El Salvador<\/option>\n<option value=\"GQ\">Equatorial Guinea<\/option>\n<option value=\"ER\">Eritrea<\/option>\n<option value=\"EE\">Estonia<\/option>\n<option value=\"ET\">Ethiopia<\/option>\n<option value=\"FK\">Falkland Islands<\/option>\n<option value=\"FO\">Faroe Islands<\/option>\n<option value=\"FM\">Federated States of Micronesia<\/option>\n<option value=\"FJ\">Fiji<\/option>\n<option value=\"FI\">Finland<\/option>\n<option value=\"FR\">France<\/option>\n<option value=\"GF\">French Guiana<\/option>\n<option value=\"PF\">French Polynesia<\/option>\n<option value=\"TF\">French Southern Territories<\/option>\n<option value=\"GA\">Gabon<\/option>\n<option value=\"GM\">Gambia<\/option>\n<option value=\"GE\">Georgia<\/option>\n<option value=\"DE\">Germany<\/option>\n<option value=\"GH\">Ghana<\/option>\n<option value=\"GI\">Gibraltar<\/option>\n<option value=\"GR\">Greece<\/option>\n<option value=\"GL\">Greenland<\/option>\n<option value=\"GD\">Grenada<\/option>\n<option value=\"GP\">Guadeloupe<\/option>\n<option value=\"GU\">Guam<\/option>\n<option value=\"GT\">Guatemala<\/option>\n<option value=\"GG\">Guernsey<\/option>\n<option value=\"GN\">Guinea<\/option>\n<option value=\"GW\">Guinea-Bissau<\/option>\n<option value=\"GY\">Guyana<\/option>\n<option value=\"HT\">Haiti<\/option>\n<option value=\"HN\">Honduras<\/option>\n<option value=\"HK\">Hong Kong<\/option>\n<option value=\"HU\">Hungary<\/option>\n<option value=\"IS\">Iceland<\/option>\n<option value=\"IN\">India<\/option>\n<option value=\"ID\">Indonesia<\/option>\n<option value=\"IR\">Iran<\/option>\n<option value=\"IQ\">Iraq<\/option>\n<option value=\"IE\">Ireland<\/option>\n<option value=\"IM\">Isle of Man<\/option>\n<option value=\"IL\">Israel<\/option>\n<option value=\"IT\">Italy<\/option>\n<option value=\"JM\">Jamaica<\/option>\n<option value=\"JP\">Japan<\/option>\n<option value=\"JE\">Jersey<\/option>\n<option value=\"JO\">Jordan<\/option>\n<option value=\"KZ\">Kazakhstan<\/option>\n<option value=\"KE\">Kenya<\/option>\n<option value=\"KI\">Kiribati<\/option>\n<option value=\"KW\">Kuwait<\/option>\n<option value=\"KG\">Kyrgyzstan<\/option>\n<option value=\"LA\">Laos<\/option>\n<option value=\"LV\">Latvia<\/option>\n<option value=\"LB\">Lebanon<\/option>\n<option value=\"LS\">Lesotho<\/option>\n<option value=\"LR\">Liberia<\/option>\n<option value=\"LY\">Libya<\/option>\n<option value=\"LI\">Liechtenstein<\/option>\n<option value=\"LT\">Lithuania<\/option>\n<option value=\"LU\">Luxembourg<\/option>\n<option value=\"MO\">Macao<\/option>\n<option value=\"MK\">Macedonia<\/option>\n<option value=\"MG\">Madagascar<\/option>\n<option value=\"MW\">Malawi<\/option>\n<option value=\"MY\">Malaysia<\/option>\n<option value=\"MV\">Maldives<\/option>\n<option value=\"ML\">Mali<\/option>\n<option value=\"MT\">Malta<\/option>\n<option value=\"MH\">Marshall Islands<\/option>\n<option value=\"MQ\">Martinique<\/option>\n<option value=\"MR\">Mauritania<\/option>\n<option value=\"MU\">Mauritius<\/option>\n<option value=\"YT\">Mayotte<\/option>\n<option value=\"MX\">Mexico<\/option>\n<option value=\"MD\">Moldova<\/option>\n<option value=\"MC\">Monaco<\/option>\n<option value=\"MN\">Mongolia<\/option>\n<option value=\"ME\">Montenegro<\/option>\n<option value=\"MS\">Montserrat<\/option>\n<option value=\"MA\">Morocco<\/option>\n<option value=\"MZ\">Mozambique<\/option>\n<option value=\"MM\">Myanmar<\/option>\n<option value=\"NA\">Namibia<\/option>\n<option value=\"NR\">Nauru<\/option>\n<option value=\"NP\">Nepal<\/option>\n<option value=\"NL\">Netherlands<\/option>\n<option value=\"AN\">Netherlands Antilles<\/option>\n<option value=\"NC\">New Caledonia<\/option>\n<option value=\"NZ\">New Zealand<\/option>\n<option value=\"NI\">Nicaragua<\/option>\n<option value=\"NE\">Niger<\/option>\n<option value=\"NG\">Nigeria<\/option>\n<option value=\"NU\">Niue<\/option>\n<option value=\"NF\">Norfolk Island<\/option>\n<option value=\"MP\">Northern Mariana Islands<\/option>\n<option value=\"NO\">Norway<\/option>\n<option value=\"PS\">Occupied Palestinian Territory<\/option>\n<option value=\"OM\">Oman<\/option>\n<option value=\"PK\">Pakistan<\/option>\n<option value=\"PW\">Palau<\/option>\n<option value=\"PA\">Panama<\/option>\n<option value=\"PG\">Papua New Guinea<\/option>\n<option value=\"PY\">Paraguay<\/option>\n<option value=\"PE\">Peru<\/option>\n<option value=\"PH\">Philippines<\/option>\n<option value=\"PN\">Pitcairn Islands<\/option>\n<option value=\"PL\">Poland<\/option>\n<option value=\"PT\">Portugal<\/option>\n<option value=\"PR\">Puerto Rico<\/option>\n<option value=\"QA\">Qatar<\/option>\n<option value=\"KR\">Republic of Korea<\/option>\n<option value=\"CG\">Republic of the Congo<\/option>\n<option value=\"RE\">Reunion<\/option>\n<option value=\"RO\">Romania<\/option>\n<option value=\"RU\">Russia<\/option>\n<option value=\"RW\">Rwanda<\/option>\n<option value=\"BL\">Saint Barth\u00e9lemy<\/option>\n<option value=\"SH\">Saint Helena<\/option>\n<option value=\"KN\">Saint Kitts and Nevis<\/option>\n<option value=\"LC\">Saint Lucia<\/option>\n<option value=\"MF\">Saint Martin<\/option>\n<option value=\"PM\">Saint Pierre and Miquelon<\/option>\n<option value=\"VC\">Saint Vincent and the Grenadines<\/option>\n<option value=\"WS\">Samoa<\/option>\n<option value=\"SM\">San Marino<\/option>\n<option value=\"ST\">Sao Tome and Principe<\/option>\n<option value=\"SA\">Saudi Arabia<\/option>\n<option value=\"SN\">Senegal<\/option>\n<option value=\"RS\">Serbia<\/option>\n<option value=\"SC\">Seychelles<\/option>\n<option value=\"SL\">Sierra Leone<\/option>\n<option value=\"SG\">Singapore<\/option>\n<option value=\"SX\">Sint Maarten (Dutch part)<\/option>\n<option value=\"SK\">Slovakia<\/option>\n<option value=\"SI\">Slovenia<\/option>\n<option value=\"SB\">Solomon Islands<\/option>\n<option value=\"SO\">Somalia<\/option>\n<option value=\"ZA\">South Africa<\/option>\n<option value=\"GS\">South Georgia and the South Sandwich Islands<\/option>\n<option value=\"SS\">South Sudan<\/option>\n<option value=\"ES\">Spain<\/option>\n<option value=\"LK\">Sri Lanka<\/option>\n<option value=\"SD\">Sudan<\/option>\n<option value=\"SR\">Suriname<\/option>\n<option value=\"SJ\">Svalbard and Jan Mayen<\/option>\n<option value=\"SZ\">Swaziland<\/option>\n<option value=\"SE\">Sweden<\/option>\n<option value=\"CH\">Switzerland<\/option>\n<option value=\"SY\">Syria<\/option>\n<option value=\"TW\">Taiwan<\/option>\n<option value=\"TJ\">Tajikistan<\/option>\n<option value=\"TZ\">Tanzania<\/option>\n<option value=\"TH\">Thailand<\/option>\n<option value=\"TL\">Timor-Leste<\/option>\n<option value=\"TG\">Togo<\/option>\n<option value=\"TK\">Tokelau<\/option>\n<option value=\"TO\">Tonga<\/option>\n<option value=\"TT\">Trinidad and Tobago<\/option>\n<option value=\"TN\">Tunisia<\/option>\n<option value=\"TR\">Turkey<\/option>\n<option value=\"TM\">Turkmenistan<\/option>\n<option value=\"TC\">Turks and Caicos Islands<\/option>\n<option value=\"TV\">Tuvalu<\/option>\n<option value=\"UG\">Uganda<\/option>\n<option value=\"UA\">Ukraine<\/option>\n<option value=\"AE\">United Arab Emirates<\/option>\n<option value=\"GB\">United Kingdom<\/option>\n<option value=\"UM\">United States Minor Outlying Islands<\/option>\n<option value=\"UY\">Uruguay<\/option>\n<option value=\"UZ\">Uzbekistan<\/option>\n<option value=\"VU\">Vanuatu<\/option>\n<option value=\"VA\">Vatican<\/option>\n<option value=\"VE\">Venezuela<\/option>\n<option value=\"VN\">Viet Nam<\/option>\n<option value=\"VG\">Virgin Islands, British<\/option>\n<option value=\"VI\">Virgin Islands, U.S.<\/option>\n<option value=\"WF\">Wallis and Futuna<\/option>\n<option value=\"EH\">Western Sahara<\/option>\n<option value=\"YE\">Yemen<\/option>\n<option value=\"ZM\">Zambia<\/option>\n<option value=\"ZW\">Zimbabwe<\/option>\n<\/select>\n            <\/div>\n                \n        \n        <div>\n            <label for=\"ci_email\">Email :<\/label>\n            <input type=\"text\" id=\"ci_email\" name=\"ci_email\" maxlength=\"255\"\/>\n        <\/div>\n        <div style=\"display:block; visibility:hidden; height:1px;\">\n            <input type=\"hidden\" id=\"ci_groups\" name=\"ci_groups\" value=\"2\"\/>\n            <input type=\"hidden\" id=\"ci_account\" name=\"ci_account\" value=\"f52daa56-ead7-4434-8d9d-8e258c766ee8\"\/>\n            <input type=\"hidden\" id=\"ci_language\" name=\"ci_language\" value=\"en_ca\"\/>\n            <input type=\"hidden\" id=\"ci_sent_url\" name=\"ci_sent_url\" value=\"\"\/>\n            <input type=\"hidden\" id=\"ci_error_url\" name=\"ci_error_url\" value=\"\" \/>\n            <input type=\"hidden\" id=\"ci_confirm_url\" name=\"ci_confirm_url\" value=\"\" \/>\n        <\/div>\n        <input type=\"submit\" value=\"Subscribe\" \/>\n    <\/fieldset>\n<\/form><\/div><\/div><\/div><\/div><\/div><\/section>\n","protected":false},"excerpt":{"rendered":"Newsletter Sign up to our newsletter! Be the first to discover the Oui GO Hotel. Sign up to our newsletter now for a chance to get exclusive discounts! Name : Last name : Date of birth : Country : Select Canada United States Afghanistan \u00c5land Islands Albania Algeria American Samoa Andorra Angola Anguilla Antarctica Antigua...","protected":false},"author":1,"featured_media":0,"parent":0,"menu_order":0,"comment_status":"closed","ping_status":"closed","template":"","meta":{"_acf_changed":false,"footnotes":""},"class_list":["post-1397","page","type-page","status-publish","hentry"],"acf":[],"yoast_head":"<!-- This site is optimized with the Yoast SEO plugin v27.6 - https:\/\/yoast.com\/product\/yoast-seo-wordpress\/ -->\n<title>Newsletter | H\u00f4tel Oui GO! URBAIN. CHIC. D\u00c9CONTRACT\u00c9.<\/title>\n<meta name=\"description\" content=\"Be the first to discover the Oui GO Hotel. Subscribe to our newsletter now for a chance to get exclusive discounts!\" \/>\n<meta name=\"robots\" content=\"index, follow, max-snippet:-1, max-image-preview:large, max-video-preview:-1\" \/>\n<link rel=\"canonical\" href=\"https:\/\/www.hotelouigo.com\/en\/newsletter\/\" \/>\n<meta property=\"og:locale\" content=\"en_US\" \/>\n<meta property=\"og:type\" content=\"article\" \/>\n<meta property=\"og:title\" content=\"Newsletter | H\u00f4tel Oui GO! URBAIN. CHIC. D\u00c9CONTRACT\u00c9.\" \/>\n<meta property=\"og:description\" content=\"Be the first to discover the Oui GO Hotel. Subscribe to our newsletter now for a chance to get exclusive discounts!\" \/>\n<meta property=\"og:url\" content=\"https:\/\/www.hotelouigo.com\/en\/newsletter\/\" \/>\n<meta property=\"og:site_name\" content=\"H\u00f4tel Oui GO!\" \/>\n<meta property=\"article:publisher\" content=\"https:\/\/www.facebook.com\/hotelouigo\" \/>\n<meta property=\"article:modified_time\" content=\"2024-09-06T19:17:40+00:00\" \/>\n<meta name=\"twitter:card\" content=\"summary_large_image\" \/>\n<meta name=\"twitter:label1\" content=\"Est. reading time\" \/>\n\t<meta name=\"twitter:data1\" content=\"1 minute\" \/>\n<script type=\"application\/ld+json\" class=\"yoast-schema-graph\">{\"@context\":\"https:\\\/\\\/schema.org\",\"@graph\":[{\"@type\":\"WebPage\",\"@id\":\"https:\\\/\\\/www.hotelouigo.com\\\/en\\\/newsletter\\\/\",\"url\":\"https:\\\/\\\/www.hotelouigo.com\\\/en\\\/newsletter\\\/\",\"name\":\"Newsletter | H\u00f4tel Oui GO! URBAIN. CHIC. D\u00c9CONTRACT\u00c9.\",\"isPartOf\":{\"@id\":\"https:\\\/\\\/www.hotelouigo.com\\\/en\\\/#website\"},\"datePublished\":\"2024-07-16T12:21:45+00:00\",\"dateModified\":\"2024-09-06T19:17:40+00:00\",\"description\":\"Be the first to discover the Oui GO Hotel. Subscribe to our newsletter now for a chance to get exclusive discounts!\",\"breadcrumb\":{\"@id\":\"https:\\\/\\\/www.hotelouigo.com\\\/en\\\/newsletter\\\/#breadcrumb\"},\"inLanguage\":\"en-US\",\"potentialAction\":[{\"@type\":\"ReadAction\",\"target\":[\"https:\\\/\\\/www.hotelouigo.com\\\/en\\\/newsletter\\\/\"]}]},{\"@type\":\"BreadcrumbList\",\"@id\":\"https:\\\/\\\/www.hotelouigo.com\\\/en\\\/newsletter\\\/#breadcrumb\",\"itemListElement\":[{\"@type\":\"ListItem\",\"position\":1,\"name\":\"Accueil\",\"item\":\"https:\\\/\\\/www.hotelouigo.com\\\/en\\\/\"},{\"@type\":\"ListItem\",\"position\":2,\"name\":\"Newsletter\"}]},{\"@type\":\"WebSite\",\"@id\":\"https:\\\/\\\/www.hotelouigo.com\\\/en\\\/#website\",\"url\":\"https:\\\/\\\/www.hotelouigo.com\\\/en\\\/\",\"name\":\"H\u00f4tel Oui GO!\",\"description\":\"URBAIN. CHIC. D\u00c9CONTRACT\u00c9.\",\"publisher\":{\"@id\":\"https:\\\/\\\/www.hotelouigo.com\\\/en\\\/#organization\"},\"alternateName\":\"H\u00f4tel Oui GO!\",\"potentialAction\":[{\"@type\":\"SearchAction\",\"target\":{\"@type\":\"EntryPoint\",\"urlTemplate\":\"https:\\\/\\\/www.hotelouigo.com\\\/en\\\/?s={search_term_string}\"},\"query-input\":{\"@type\":\"PropertyValueSpecification\",\"valueRequired\":true,\"valueName\":\"search_term_string\"}}],\"inLanguage\":\"en-US\"},{\"@type\":\"Organization\",\"@id\":\"https:\\\/\\\/www.hotelouigo.com\\\/en\\\/#organization\",\"name\":\"H\u00f4tel Oui GO!\",\"url\":\"https:\\\/\\\/www.hotelouigo.com\\\/en\\\/\",\"logo\":{\"@type\":\"ImageObject\",\"inLanguage\":\"en-US\",\"@id\":\"https:\\\/\\\/www.hotelouigo.com\\\/en\\\/#\\\/schema\\\/logo\\\/image\\\/\",\"url\":\"https:\\\/\\\/www.hotelouigo.com\\\/wp-content\\\/uploads\\\/2024\\\/04\\\/OuiGo_logo_Noirgris-4_1603220426.png\",\"contentUrl\":\"https:\\\/\\\/www.hotelouigo.com\\\/wp-content\\\/uploads\\\/2024\\\/04\\\/OuiGo_logo_Noirgris-4_1603220426.png\",\"width\":1335,\"height\":1451,\"caption\":\"H\u00f4tel Oui GO!\"},\"image\":{\"@id\":\"https:\\\/\\\/www.hotelouigo.com\\\/en\\\/#\\\/schema\\\/logo\\\/image\\\/\"},\"sameAs\":[\"https:\\\/\\\/www.facebook.com\\\/hotelouigo\",\"https:\\\/\\\/www.instagram.com\\\/hotelouigo\\\/\",\"https:\\\/\\\/www.youtube.com\\\/@hotelouigo4898\"]}]}<\/script>\n<!-- \/ Yoast SEO plugin. -->","yoast_head_json":{"title":"Newsletter | H\u00f4tel Oui GO! URBAIN. CHIC. D\u00c9CONTRACT\u00c9.","description":"Be the first to discover the Oui GO Hotel. Subscribe to our newsletter now for a chance to get exclusive discounts!","robots":{"index":"index","follow":"follow","max-snippet":"max-snippet:-1","max-image-preview":"max-image-preview:large","max-video-preview":"max-video-preview:-1"},"canonical":"https:\/\/www.hotelouigo.com\/en\/newsletter\/","og_locale":"en_US","og_type":"article","og_title":"Newsletter | H\u00f4tel Oui GO! URBAIN. CHIC. D\u00c9CONTRACT\u00c9.","og_description":"Be the first to discover the Oui GO Hotel. Subscribe to our newsletter now for a chance to get exclusive discounts!","og_url":"https:\/\/www.hotelouigo.com\/en\/newsletter\/","og_site_name":"H\u00f4tel Oui GO!","article_publisher":"https:\/\/www.facebook.com\/hotelouigo","article_modified_time":"2024-09-06T19:17:40+00:00","twitter_card":"summary_large_image","twitter_misc":{"Est. reading time":"1 minute"},"schema":{"@context":"https:\/\/schema.org","@graph":[{"@type":"WebPage","@id":"https:\/\/www.hotelouigo.com\/en\/newsletter\/","url":"https:\/\/www.hotelouigo.com\/en\/newsletter\/","name":"Newsletter | H\u00f4tel Oui GO! URBAIN. CHIC. D\u00c9CONTRACT\u00c9.","isPartOf":{"@id":"https:\/\/www.hotelouigo.com\/en\/#website"},"datePublished":"2024-07-16T12:21:45+00:00","dateModified":"2024-09-06T19:17:40+00:00","description":"Be the first to discover the Oui GO Hotel. Subscribe to our newsletter now for a chance to get exclusive discounts!","breadcrumb":{"@id":"https:\/\/www.hotelouigo.com\/en\/newsletter\/#breadcrumb"},"inLanguage":"en-US","potentialAction":[{"@type":"ReadAction","target":["https:\/\/www.hotelouigo.com\/en\/newsletter\/"]}]},{"@type":"BreadcrumbList","@id":"https:\/\/www.hotelouigo.com\/en\/newsletter\/#breadcrumb","itemListElement":[{"@type":"ListItem","position":1,"name":"Accueil","item":"https:\/\/www.hotelouigo.com\/en\/"},{"@type":"ListItem","position":2,"name":"Newsletter"}]},{"@type":"WebSite","@id":"https:\/\/www.hotelouigo.com\/en\/#website","url":"https:\/\/www.hotelouigo.com\/en\/","name":"H\u00f4tel Oui GO!","description":"URBAIN. CHIC. D\u00c9CONTRACT\u00c9.","publisher":{"@id":"https:\/\/www.hotelouigo.com\/en\/#organization"},"alternateName":"H\u00f4tel Oui GO!","potentialAction":[{"@type":"SearchAction","target":{"@type":"EntryPoint","urlTemplate":"https:\/\/www.hotelouigo.com\/en\/?s={search_term_string}"},"query-input":{"@type":"PropertyValueSpecification","valueRequired":true,"valueName":"search_term_string"}}],"inLanguage":"en-US"},{"@type":"Organization","@id":"https:\/\/www.hotelouigo.com\/en\/#organization","name":"H\u00f4tel Oui GO!","url":"https:\/\/www.hotelouigo.com\/en\/","logo":{"@type":"ImageObject","inLanguage":"en-US","@id":"https:\/\/www.hotelouigo.com\/en\/#\/schema\/logo\/image\/","url":"https:\/\/www.hotelouigo.com\/dist\/uploads\/2024\/04\/OuiGo_logo_Noirgris-4_1603220426.png","contentUrl":"https:\/\/www.hotelouigo.com\/dist\/uploads\/2024\/04\/OuiGo_logo_Noirgris-4_1603220426.png","width":1335,"height":1451,"caption":"H\u00f4tel Oui GO!"},"image":{"@id":"https:\/\/www.hotelouigo.com\/en\/#\/schema\/logo\/image\/"},"sameAs":["https:\/\/www.facebook.com\/hotelouigo","https:\/\/www.instagram.com\/hotelouigo\/","https:\/\/www.youtube.com\/@hotelouigo4898"]}]}},"publishpress_future_workflow_manual_trigger":{"enabledWorkflows":[]},"_links":{"self":[{"href":"https:\/\/www.hotelouigo.com\/en\/wp-json\/wp\/v2\/pages\/1397","targetHints":{"allow":["GET"]}}],"collection":[{"href":"https:\/\/www.hotelouigo.com\/en\/wp-json\/wp\/v2\/pages"}],"about":[{"href":"https:\/\/www.hotelouigo.com\/en\/wp-json\/wp\/v2\/types\/page"}],"author":[{"embeddable":true,"href":"https:\/\/www.hotelouigo.com\/en\/wp-json\/wp\/v2\/users\/1"}],"replies":[{"embeddable":true,"href":"https:\/\/www.hotelouigo.com\/en\/wp-json\/wp\/v2\/comments?post=1397"}],"version-history":[{"count":0,"href":"https:\/\/www.hotelouigo.com\/en\/wp-json\/wp\/v2\/pages\/1397\/revisions"}],"wp:attachment":[{"href":"https:\/\/www.hotelouigo.com\/en\/wp-json\/wp\/v2\/media?parent=1397"}],"curies":[{"name":"wp","href":"https:\/\/api.w.org\/{rel}","templated":true}]}}