{"id":2136,"date":"2025-09-23T14:32:04","date_gmt":"2025-09-23T18:32:04","guid":{"rendered":"https:\/\/www.hotelouigo.com\/?page_id=2136"},"modified":"2025-09-23T14:45:36","modified_gmt":"2025-09-23T18:45:36","slug":"urban-stay-package","status":"publish","type":"page","link":"https:\/\/www.hotelouigo.com\/en\/packages-promotions\/urban-stay-package\/","title":{"rendered":"URBAN STAY PACKAGE"},"content":{"rendered":"<section class=\"l-section wpb_row height_medium\"><div class=\"l-section-h i-cf\"><div class=\"g-cols vc_row via_grid cols_1 laptops-cols_inherit tablets-cols_inherit mobiles-cols_1 valign_top type_default stacking_default\"><div class=\"wpb_column vc_column_container\"><div class=\"vc_column-inner\"><div class=\"wpb_text_column\"><div class=\"wpb_wrapper\"><p id=\"tw-target-text\" class=\"tw-data-text tw-text-large tw-ta\" dir=\"ltr\" tabindex=\"-1\" role=\"text\" data-placeholder=\"Traduction\" data-ved=\"2ahUKEwj2rfWIxO-PAxX4EVkFHfYfExoQ3ewLegQIChAV\" aria-label=\"Texte traduit\u00a0: Experience Trois-Rivi\u00e8res differently with our Urban Stay Package, designed to combine comfort, discovery, and gourmet delights. This package brings together several of our best offers to create a turnkey experience, while giving you the freedom to choose according to your desires. Your experience may include: Breakfast for two at the hotel's restaurant Le Bistroquet (includes a juice, a specialty coffee, and a choice of one dish from the full menu \u2013 a value of $27.49 per person, taxes and gratuity included) A refined dinner at the renowned Restaurant Le Grill ($69.99 + taxes, gratuity, and extras not included in the table d'h\u00f4te menu) A $50 gift certificate to spend at Magasin G\u00e9n\u00e9ral \u2013 Le Brun in town Parking ($10 + taxes) Whether you choose the turnkey Urban Stay package or design your own getaway, enjoy a stay that combines gastronomy, relaxation, and local discoveries. Offer available Tuesday through Saturday, during our partners' and the hotel restaurant's opening hours. Contact us to add it to your stay at 1-844-840-2868 or by emailing info@hotelouigo.com!\"><span class=\"Y2IQFc\" lang=\"en\">Experience Trois-Rivi\u00e8res differently with our Urban Stay Package, designed to combine comfort, discovery, and gourmet delights. <\/span><span class=\"Y2IQFc\" lang=\"en\">This package brings together several of our best offers to create a turnkey experience, while giving you the freedom to choose according to your desires. <\/span><\/p>\n<h6 class=\"tw-data-text tw-text-large tw-ta\" dir=\"ltr\" tabindex=\"-1\" role=\"text\" data-placeholder=\"Traduction\" data-ved=\"2ahUKEwj2rfWIxO-PAxX4EVkFHfYfExoQ3ewLegQIChAV\" aria-label=\"Texte traduit\u00a0: Experience Trois-Rivi\u00e8res differently with our Urban Stay Package, designed to combine comfort, discovery, and gourmet delights. This package brings together several of our best offers to create a turnkey experience, while giving you the freedom to choose according to your desires. Your experience may include: Breakfast for two at the hotel's restaurant Le Bistroquet (includes a juice, a specialty coffee, and a choice of one dish from the full menu \u2013 a value of $27.49 per person, taxes and gratuity included) A refined dinner at the renowned Restaurant Le Grill ($69.99 + taxes, gratuity, and extras not included in the table d'h\u00f4te menu) A $50 gift certificate to spend at Magasin G\u00e9n\u00e9ral \u2013 Le Brun in town Parking ($10 + taxes) Whether you choose the turnkey Urban Stay package or design your own getaway, enjoy a stay that combines gastronomy, relaxation, and local discoveries. Offer available Tuesday through Saturday, during our partners' and the hotel restaurant's opening hours. Contact us to add it to your stay at 1-844-840-2868 or by emailing info@hotelouigo.com!\"><span class=\"Y2IQFc\" lang=\"en\">Your experience may include: <\/span><\/h6>\n<ul>\n<li><span class=\"Y2IQFc\" lang=\"en\">Breakfast for two at the hotel&#8217;s restaurant Le Bistroquet (includes a juice, a specialty coffee, and a choice of one dish from the full menu \u2013 a value of $27.49 per person, taxes and gratuity included) <\/span><\/li>\n<li><span class=\"Y2IQFc\" lang=\"en\">A refined dinner at the renowned Restaurant Le Grill ($69.99 + taxes, gratuity, and extras not included in the table d&#8217;h\u00f4te menu) <\/span><\/li>\n<li><span class=\"Y2IQFc\" lang=\"en\">A $50 gift certificate to spend at Magasin G\u00e9n\u00e9ral \u2013 Le Brun in town <\/span><\/li>\n<li><span class=\"Y2IQFc\" lang=\"en\">Parking ($10 + taxes) <\/span><\/li>\n<\/ul>\n<p class=\"tw-data-text tw-text-large tw-ta\" dir=\"ltr\" tabindex=\"-1\" role=\"text\" data-placeholder=\"Traduction\" data-ved=\"2ahUKEwj2rfWIxO-PAxX4EVkFHfYfExoQ3ewLegQIChAV\" aria-label=\"Texte traduit\u00a0: Experience Trois-Rivi\u00e8res differently with our Urban Stay Package, designed to combine comfort, discovery, and gourmet delights. This package brings together several of our best offers to create a turnkey experience, while giving you the freedom to choose according to your desires. Your experience may include: Breakfast for two at the hotel's restaurant Le Bistroquet (includes a juice, a specialty coffee, and a choice of one dish from the full menu \u2013 a value of $27.49 per person, taxes and gratuity included) A refined dinner at the renowned Restaurant Le Grill ($69.99 + taxes, gratuity, and extras not included in the table d'h\u00f4te menu) A $50 gift certificate to spend at Magasin G\u00e9n\u00e9ral \u2013 Le Brun in town Parking ($10 + taxes) Whether you choose the turnkey Urban Stay package or design your own getaway, enjoy a stay that combines gastronomy, relaxation, and local discoveries. Offer available Tuesday through Saturday, during our partners' and the hotel restaurant's opening hours. Contact us to add it to your stay at 1-844-840-2868 or by emailing info@hotelouigo.com!\"><span class=\"Y2IQFc\" lang=\"en\">Whether you choose the turnkey Urban Stay package or design your own getaway, enjoy a stay that combines gastronomy, relaxation, and local discoveries. <\/span><\/p>\n<p class=\"tw-data-text tw-text-large tw-ta\" dir=\"ltr\" tabindex=\"-1\" role=\"text\" data-placeholder=\"Traduction\" data-ved=\"2ahUKEwj2rfWIxO-PAxX4EVkFHfYfExoQ3ewLegQIChAV\" aria-label=\"Texte traduit\u00a0: Experience Trois-Rivi\u00e8res differently with our Urban Stay Package, designed to combine comfort, discovery, and gourmet delights. This package brings together several of our best offers to create a turnkey experience, while giving you the freedom to choose according to your desires. Your experience may include: Breakfast for two at the hotel's restaurant Le Bistroquet (includes a juice, a specialty coffee, and a choice of one dish from the full menu \u2013 a value of $27.49 per person, taxes and gratuity included) A refined dinner at the renowned Restaurant Le Grill ($69.99 + taxes, gratuity, and extras not included in the table d'h\u00f4te menu) A $50 gift certificate to spend at Magasin G\u00e9n\u00e9ral \u2013 Le Brun in town Parking ($10 + taxes) Whether you choose the turnkey Urban Stay package or design your own getaway, enjoy a stay that combines gastronomy, relaxation, and local discoveries. Offer available Tuesday through Saturday, during our partners' and the hotel restaurant's opening hours. Contact us to add it to your stay at 1-844-840-2868 or by emailing info@hotelouigo.com!\"><span class=\"Y2IQFc\" lang=\"en\">Offer available Tuesday through Saturday, during our partners&#8217; and the hotel restaurant&#8217;s opening hours. <\/span><\/p>\n<p class=\"tw-data-text tw-text-large tw-ta\" dir=\"ltr\" style=\"text-align: center;\" tabindex=\"-1\" role=\"text\" data-placeholder=\"Traduction\" data-ved=\"2ahUKEwj2rfWIxO-PAxX4EVkFHfYfExoQ3ewLegQIChAV\" aria-label=\"Texte traduit\u00a0: Experience Trois-Rivi\u00e8res differently with our Urban Stay Package, designed to combine comfort, discovery, and gourmet delights. This package brings together several of our best offers to create a turnkey experience, while giving you the freedom to choose according to your desires. Your experience may include: Breakfast for two at the hotel's restaurant Le Bistroquet (includes a juice, a specialty coffee, and a choice of one dish from the full menu \u2013 a value of $27.49 per person, taxes and gratuity included) A refined dinner at the renowned Restaurant Le Grill ($69.99 + taxes, gratuity, and extras not included in the table d'h\u00f4te menu) A $50 gift certificate to spend at Magasin G\u00e9n\u00e9ral \u2013 Le Brun in town Parking ($10 + taxes) Whether you choose the turnkey Urban Stay package or design your own getaway, enjoy a stay that combines gastronomy, relaxation, and local discoveries. Offer available Tuesday through Saturday, during our partners' and the hotel restaurant's opening hours. Contact us to add it to your stay at 1-844-840-2868 or by emailing info@hotelouigo.com!\"><span class=\"Y2IQFc\" lang=\"en\">Contact us to add it to your stay at <strong>1-844-840-2868<\/strong> or by emailing <strong>info@hotelouigo.com<\/strong>!<\/span><\/p>\n<\/div><\/div><\/div><\/div><\/div><\/div><\/section>\n","protected":false},"excerpt":{"rendered":"Experience Trois-Rivi\u00e8res differently with our Urban Stay Package, designed to combine comfort, discovery, and gourmet delights. This package brings together several of our best offers to create a turnkey experience, while giving you the freedom to choose according to your desires. Your experience may include: Breakfast for two at the hotel&#8217;s restaurant Le Bistroquet (includes...","protected":false},"author":3,"featured_media":0,"parent":1169,"menu_order":0,"comment_status":"closed","ping_status":"closed","template":"","meta":{"_acf_changed":false,"footnotes":""},"class_list":["post-2136","page","type-page","status-publish","hentry"],"acf":[],"yoast_head":"<!-- This site is optimized with the Yoast SEO plugin v27.5 - https:\/\/yoast.com\/product\/yoast-seo-wordpress\/ -->\n<title>URBAN STAY PACKAGE | H\u00f4tel Oui GO! URBAIN. CHIC. D\u00c9CONTRACT\u00c9.<\/title>\n<meta name=\"robots\" content=\"index, follow, max-snippet:-1, max-image-preview:large, max-video-preview:-1\" \/>\n<link rel=\"canonical\" href=\"https:\/\/www.hotelouigo.com\/en\/packages-promotions\/urban-stay-package\/\" \/>\n<meta property=\"og:locale\" content=\"en_US\" \/>\n<meta property=\"og:type\" content=\"article\" \/>\n<meta property=\"og:title\" content=\"URBAN STAY PACKAGE | H\u00f4tel Oui GO! URBAIN. CHIC. D\u00c9CONTRACT\u00c9.\" \/>\n<meta property=\"og:url\" content=\"https:\/\/www.hotelouigo.com\/en\/packages-promotions\/urban-stay-package\/\" \/>\n<meta property=\"og:site_name\" content=\"H\u00f4tel Oui GO!\" \/>\n<meta property=\"article:publisher\" content=\"https:\/\/www.facebook.com\/hotelouigo\" \/>\n<meta property=\"article:modified_time\" content=\"2025-09-23T18:45:36+00:00\" \/>\n<meta name=\"twitter:card\" content=\"summary_large_image\" \/>\n<meta name=\"twitter:label1\" content=\"Est. reading time\" \/>\n\t<meta name=\"twitter:data1\" content=\"1 minute\" \/>\n<script type=\"application\/ld+json\" class=\"yoast-schema-graph\">{\"@context\":\"https:\\\/\\\/schema.org\",\"@graph\":[{\"@type\":\"WebPage\",\"@id\":\"https:\\\/\\\/www.hotelouigo.com\\\/en\\\/packages-promotions\\\/urban-stay-package\\\/\",\"url\":\"https:\\\/\\\/www.hotelouigo.com\\\/en\\\/packages-promotions\\\/urban-stay-package\\\/\",\"name\":\"URBAN STAY PACKAGE | H\u00f4tel Oui GO! URBAIN. CHIC. D\u00c9CONTRACT\u00c9.\",\"isPartOf\":{\"@id\":\"https:\\\/\\\/www.hotelouigo.com\\\/en\\\/#website\"},\"datePublished\":\"2025-09-23T18:32:04+00:00\",\"dateModified\":\"2025-09-23T18:45:36+00:00\",\"breadcrumb\":{\"@id\":\"https:\\\/\\\/www.hotelouigo.com\\\/en\\\/packages-promotions\\\/urban-stay-package\\\/#breadcrumb\"},\"inLanguage\":\"en-US\",\"potentialAction\":[{\"@type\":\"ReadAction\",\"target\":[\"https:\\\/\\\/www.hotelouigo.com\\\/en\\\/packages-promotions\\\/urban-stay-package\\\/\"]}]},{\"@type\":\"BreadcrumbList\",\"@id\":\"https:\\\/\\\/www.hotelouigo.com\\\/en\\\/packages-promotions\\\/urban-stay-package\\\/#breadcrumb\",\"itemListElement\":[{\"@type\":\"ListItem\",\"position\":1,\"name\":\"Accueil\",\"item\":\"https:\\\/\\\/www.hotelouigo.com\\\/en\\\/\"},{\"@type\":\"ListItem\",\"position\":2,\"name\":\"Packages &#038; promotions\",\"item\":\"https:\\\/\\\/www.hotelouigo.com\\\/en\\\/packages-promotions\\\/\"},{\"@type\":\"ListItem\",\"position\":3,\"name\":\"URBAN STAY PACKAGE\"}]},{\"@type\":\"WebSite\",\"@id\":\"https:\\\/\\\/www.hotelouigo.com\\\/en\\\/#website\",\"url\":\"https:\\\/\\\/www.hotelouigo.com\\\/en\\\/\",\"name\":\"H\u00f4tel Oui GO!\",\"description\":\"URBAIN. CHIC. D\u00c9CONTRACT\u00c9.\",\"publisher\":{\"@id\":\"https:\\\/\\\/www.hotelouigo.com\\\/en\\\/#organization\"},\"alternateName\":\"H\u00f4tel Oui GO!\",\"potentialAction\":[{\"@type\":\"SearchAction\",\"target\":{\"@type\":\"EntryPoint\",\"urlTemplate\":\"https:\\\/\\\/www.hotelouigo.com\\\/en\\\/?s={search_term_string}\"},\"query-input\":{\"@type\":\"PropertyValueSpecification\",\"valueRequired\":true,\"valueName\":\"search_term_string\"}}],\"inLanguage\":\"en-US\"},{\"@type\":\"Organization\",\"@id\":\"https:\\\/\\\/www.hotelouigo.com\\\/en\\\/#organization\",\"name\":\"H\u00f4tel Oui GO!\",\"url\":\"https:\\\/\\\/www.hotelouigo.com\\\/en\\\/\",\"logo\":{\"@type\":\"ImageObject\",\"inLanguage\":\"en-US\",\"@id\":\"https:\\\/\\\/www.hotelouigo.com\\\/en\\\/#\\\/schema\\\/logo\\\/image\\\/\",\"url\":\"https:\\\/\\\/www.hotelouigo.com\\\/wp-content\\\/uploads\\\/2024\\\/04\\\/OuiGo_logo_Noirgris-4_1603220426.png\",\"contentUrl\":\"https:\\\/\\\/www.hotelouigo.com\\\/wp-content\\\/uploads\\\/2024\\\/04\\\/OuiGo_logo_Noirgris-4_1603220426.png\",\"width\":1335,\"height\":1451,\"caption\":\"H\u00f4tel Oui GO!\"},\"image\":{\"@id\":\"https:\\\/\\\/www.hotelouigo.com\\\/en\\\/#\\\/schema\\\/logo\\\/image\\\/\"},\"sameAs\":[\"https:\\\/\\\/www.facebook.com\\\/hotelouigo\",\"https:\\\/\\\/www.instagram.com\\\/hotelouigo\\\/\",\"https:\\\/\\\/www.youtube.com\\\/@hotelouigo4898\"]}]}<\/script>\n<!-- \/ Yoast SEO plugin. -->","yoast_head_json":{"title":"URBAN STAY PACKAGE | H\u00f4tel Oui GO! URBAIN. CHIC. D\u00c9CONTRACT\u00c9.","robots":{"index":"index","follow":"follow","max-snippet":"max-snippet:-1","max-image-preview":"max-image-preview:large","max-video-preview":"max-video-preview:-1"},"canonical":"https:\/\/www.hotelouigo.com\/en\/packages-promotions\/urban-stay-package\/","og_locale":"en_US","og_type":"article","og_title":"URBAN STAY PACKAGE | H\u00f4tel Oui GO! URBAIN. CHIC. D\u00c9CONTRACT\u00c9.","og_url":"https:\/\/www.hotelouigo.com\/en\/packages-promotions\/urban-stay-package\/","og_site_name":"H\u00f4tel Oui GO!","article_publisher":"https:\/\/www.facebook.com\/hotelouigo","article_modified_time":"2025-09-23T18:45:36+00:00","twitter_card":"summary_large_image","twitter_misc":{"Est. reading time":"1 minute"},"schema":{"@context":"https:\/\/schema.org","@graph":[{"@type":"WebPage","@id":"https:\/\/www.hotelouigo.com\/en\/packages-promotions\/urban-stay-package\/","url":"https:\/\/www.hotelouigo.com\/en\/packages-promotions\/urban-stay-package\/","name":"URBAN STAY PACKAGE | H\u00f4tel Oui GO! URBAIN. CHIC. D\u00c9CONTRACT\u00c9.","isPartOf":{"@id":"https:\/\/www.hotelouigo.com\/en\/#website"},"datePublished":"2025-09-23T18:32:04+00:00","dateModified":"2025-09-23T18:45:36+00:00","breadcrumb":{"@id":"https:\/\/www.hotelouigo.com\/en\/packages-promotions\/urban-stay-package\/#breadcrumb"},"inLanguage":"en-US","potentialAction":[{"@type":"ReadAction","target":["https:\/\/www.hotelouigo.com\/en\/packages-promotions\/urban-stay-package\/"]}]},{"@type":"BreadcrumbList","@id":"https:\/\/www.hotelouigo.com\/en\/packages-promotions\/urban-stay-package\/#breadcrumb","itemListElement":[{"@type":"ListItem","position":1,"name":"Accueil","item":"https:\/\/www.hotelouigo.com\/en\/"},{"@type":"ListItem","position":2,"name":"Packages &#038; promotions","item":"https:\/\/www.hotelouigo.com\/en\/packages-promotions\/"},{"@type":"ListItem","position":3,"name":"URBAN STAY PACKAGE"}]},{"@type":"WebSite","@id":"https:\/\/www.hotelouigo.com\/en\/#website","url":"https:\/\/www.hotelouigo.com\/en\/","name":"H\u00f4tel Oui GO!","description":"URBAIN. CHIC. D\u00c9CONTRACT\u00c9.","publisher":{"@id":"https:\/\/www.hotelouigo.com\/en\/#organization"},"alternateName":"H\u00f4tel Oui GO!","potentialAction":[{"@type":"SearchAction","target":{"@type":"EntryPoint","urlTemplate":"https:\/\/www.hotelouigo.com\/en\/?s={search_term_string}"},"query-input":{"@type":"PropertyValueSpecification","valueRequired":true,"valueName":"search_term_string"}}],"inLanguage":"en-US"},{"@type":"Organization","@id":"https:\/\/www.hotelouigo.com\/en\/#organization","name":"H\u00f4tel Oui GO!","url":"https:\/\/www.hotelouigo.com\/en\/","logo":{"@type":"ImageObject","inLanguage":"en-US","@id":"https:\/\/www.hotelouigo.com\/en\/#\/schema\/logo\/image\/","url":"https:\/\/www.hotelouigo.com\/dist\/uploads\/2024\/04\/OuiGo_logo_Noirgris-4_1603220426.png","contentUrl":"https:\/\/www.hotelouigo.com\/dist\/uploads\/2024\/04\/OuiGo_logo_Noirgris-4_1603220426.png","width":1335,"height":1451,"caption":"H\u00f4tel Oui GO!"},"image":{"@id":"https:\/\/www.hotelouigo.com\/en\/#\/schema\/logo\/image\/"},"sameAs":["https:\/\/www.facebook.com\/hotelouigo","https:\/\/www.instagram.com\/hotelouigo\/","https:\/\/www.youtube.com\/@hotelouigo4898"]}]}},"publishpress_future_workflow_manual_trigger":{"enabledWorkflows":[]},"_links":{"self":[{"href":"https:\/\/www.hotelouigo.com\/en\/wp-json\/wp\/v2\/pages\/2136","targetHints":{"allow":["GET"]}}],"collection":[{"href":"https:\/\/www.hotelouigo.com\/en\/wp-json\/wp\/v2\/pages"}],"about":[{"href":"https:\/\/www.hotelouigo.com\/en\/wp-json\/wp\/v2\/types\/page"}],"author":[{"embeddable":true,"href":"https:\/\/www.hotelouigo.com\/en\/wp-json\/wp\/v2\/users\/3"}],"replies":[{"embeddable":true,"href":"https:\/\/www.hotelouigo.com\/en\/wp-json\/wp\/v2\/comments?post=2136"}],"version-history":[{"count":1,"href":"https:\/\/www.hotelouigo.com\/en\/wp-json\/wp\/v2\/pages\/2136\/revisions"}],"predecessor-version":[{"id":2137,"href":"https:\/\/www.hotelouigo.com\/en\/wp-json\/wp\/v2\/pages\/2136\/revisions\/2137"}],"up":[{"embeddable":true,"href":"https:\/\/www.hotelouigo.com\/en\/wp-json\/wp\/v2\/pages\/1169"}],"wp:attachment":[{"href":"https:\/\/www.hotelouigo.com\/en\/wp-json\/wp\/v2\/media?parent=2136"}],"curies":[{"name":"wp","href":"https:\/\/api.w.org\/{rel}","templated":true}]}}